{"id":154,"date":"2024-02-19T10:25:48","date_gmt":"2024-02-19T09:25:48","guid":{"rendered":"https:\/\/optano-homepage.orconomy.local\/?page_id=154"},"modified":"2026-01-26T13:35:24","modified_gmt":"2026-01-26T12:35:24","slug":"downloads","status":"publish","type":"page","link":"https:\/\/optano.com\/en\/media\/downloads\/","title":{"rendered":"OPTANO Downloads: Whitepaper &amp; Factsheets"},"content":{"rendered":"\t\t<div data-elementor-type=\"wp-page\" data-elementor-id=\"154\" class=\"elementor elementor-154\" data-elementor-post-type=\"page\">\n\t\t\t\t<div class=\"elementor-element elementor-element-0851ade e-con-full e-flex e-con e-parent\" data-id=\"0851ade\" data-element_type=\"container\" data-e-type=\"container\">\n\t\t\t\t<div class=\"elementor-element elementor-element-c82d64d elementor-grid-2 elementor-grid-tablet-2 elementor-grid-mobile-1 elementor-widget elementor-widget-loop-grid\" data-id=\"c82d64d\" data-element_type=\"widget\" data-e-type=\"widget\" data-settings=\"{&quot;template_id&quot;:&quot;10546&quot;,&quot;row_gap&quot;:{&quot;unit&quot;:&quot;px&quot;,&quot;size&quot;:40,&quot;sizes&quot;:[]},&quot;pagination_type&quot;:&quot;numbers_and_prev_next&quot;,&quot;columns&quot;:2,&quot;row_gap_tablet&quot;:{&quot;unit&quot;:&quot;px&quot;,&quot;size&quot;:20,&quot;sizes&quot;:[]},&quot;row_gap_mobile&quot;:{&quot;unit&quot;:&quot;px&quot;,&quot;size&quot;:60,&quot;sizes&quot;:[]},&quot;_skin&quot;:&quot;post&quot;,&quot;columns_tablet&quot;:&quot;2&quot;,&quot;columns_mobile&quot;:&quot;1&quot;,&quot;edit_handle_selector&quot;:&quot;[data-elementor-type=\\&quot;loop-item\\&quot;]&quot;,&quot;pagination_load_type&quot;:&quot;page_reload&quot;,&quot;row_gap_laptop&quot;:{&quot;unit&quot;:&quot;px&quot;,&quot;size&quot;:&quot;&quot;,&quot;sizes&quot;:[]}}\" data-widget_type=\"loop-grid.post\">\n\t\t\t\t<div class=\"elementor-widget-container\">\n\t\t\t\t\t\t\t<div class=\"elementor-loop-container elementor-grid\" role=\"list\">\n\t\t<style id=\"loop-10546\">.elementor-10546 .elementor-element.elementor-element-2f0d2f82{--display:flex;--flex-direction:row;--container-widget-width:calc( ( 1 - var( --container-widget-flex-grow ) ) * 100% );--container-widget-height:100%;--container-widget-flex-grow:1;--container-widget-align-self:stretch;--flex-wrap-mobile:wrap;--justify-content:space-between;--align-items:flex-start;--border-radius:0px 0px 0px 0px;--margin-top:0px;--margin-bottom:0px;--margin-left:0px;--margin-right:0px;--padding-top:0px;--padding-bottom:0px;--padding-left:0px;--padding-right:0px;}.elementor-10546 .elementor-element.elementor-element-61242a6a{--display:flex;--min-height:200px;--flex-direction:column;--container-widget-width:calc( ( 1 - var( --container-widget-flex-grow ) ) * 100% );--container-widget-height:initial;--container-widget-flex-grow:0;--container-widget-align-self:initial;--flex-wrap-mobile:wrap;--justify-content:flex-start;--align-items:flex-start;border-style:none;--border-style:none;--border-radius:0px 0px 0px 0px;--margin-top:0px;--margin-bottom:0px;--margin-left:0px;--margin-right:0px;--padding-top:0px;--padding-bottom:0px;--padding-left:0px;--padding-right:0px;}.elementor-10546 .elementor-element.elementor-element-2c039f4a{--display:flex;--min-height:125px;--flex-direction:column;--container-widget-width:calc( ( 1 - var( --container-widget-flex-grow ) ) * 100% );--container-widget-height:initial;--container-widget-flex-grow:0;--container-widget-align-self:initial;--flex-wrap-mobile:wrap;--justify-content:center;--align-items:flex-start;--gap:20px 20px;--row-gap:20px;--column-gap:20px;border-style:none;--border-style:none;--border-radius:0px 0px 0px 0px;--margin-top:0px;--margin-bottom:0px;--margin-left:0px;--margin-right:0px;--padding-top:20px;--padding-bottom:20px;--padding-left:20px;--padding-right:20px;--z-index:7;}.elementor-10546 .elementor-element.elementor-element-30aa1917{text-align:start;}.elementor-10546 .elementor-element.elementor-element-30aa1917 .elementor-heading-title{font-size:var( --e-global-typography-eedfdd6-font-size );font-weight:var( --e-global-typography-eedfdd6-font-weight );line-height:var( --e-global-typography-eedfdd6-line-height );letter-spacing:var( --e-global-typography-eedfdd6-letter-spacing );word-spacing:var( --e-global-typography-eedfdd6-word-spacing );color:var( --e-global-color-4fafa1a );}.elementor-10546 .elementor-element.elementor-element-30aa1917 > .elementor-widget-container{margin:0px 0px 0px 0px;padding:0px 0px 0px 0px;}.elementor-10546 .elementor-element.elementor-element-1c6f8451{text-align:start;font-size:var( --e-global-typography-42041fa-font-size );font-weight:var( --e-global-typography-42041fa-font-weight );line-height:var( --e-global-typography-42041fa-line-height );letter-spacing:var( --e-global-typography-42041fa-letter-spacing );word-spacing:var( --e-global-typography-42041fa-word-spacing );color:var( --e-global-color-text );}@media(min-width:481px){.elementor-10546 .elementor-element.elementor-element-2f0d2f82{--width:100%;}.elementor-10546 .elementor-element.elementor-element-61242a6a{--width:40%;}.elementor-10546 .elementor-element.elementor-element-2c039f4a{--width:60%;}}@media(max-width:1024px) and (min-width:481px){.elementor-10546 .elementor-element.elementor-element-61242a6a{--width:100%;}.elementor-10546 .elementor-element.elementor-element-2c039f4a{--width:100%;}}@media(max-width:1366px){.elementor-10546 .elementor-element.elementor-element-2f0d2f82{--padding-top:0px;--padding-bottom:0px;--padding-left:0px;--padding-right:0px;}.elementor-10546 .elementor-element.elementor-element-30aa1917 .elementor-heading-title{font-size:var( --e-global-typography-eedfdd6-font-size );line-height:var( --e-global-typography-eedfdd6-line-height );letter-spacing:var( --e-global-typography-eedfdd6-letter-spacing );word-spacing:var( --e-global-typography-eedfdd6-word-spacing );}.elementor-10546 .elementor-element.elementor-element-1c6f8451{font-size:var( --e-global-typography-42041fa-font-size );line-height:var( --e-global-typography-42041fa-line-height );letter-spacing:var( --e-global-typography-42041fa-letter-spacing );word-spacing:var( --e-global-typography-42041fa-word-spacing );}}@media(max-width:1024px){.elementor-10546 .elementor-element.elementor-element-2f0d2f82{--flex-direction:column;--container-widget-width:100%;--container-widget-height:initial;--container-widget-flex-grow:0;--container-widget-align-self:initial;--flex-wrap-mobile:wrap;--padding-top:0px;--padding-bottom:0px;--padding-left:0px;--padding-right:0px;}.elementor-10546 .elementor-element.elementor-element-61242a6a{--min-height:150px;--justify-content:flex-start;--align-items:flex-start;--container-widget-width:calc( ( 1 - var( --container-widget-flex-grow ) ) * 100% );}.elementor-10546 .elementor-element.elementor-element-882b790{text-align:center;}.elementor-10546 .elementor-element.elementor-element-882b790 img{width:50%;}.elementor-10546 .elementor-element.elementor-element-2c039f4a{--justify-content:flex-start;--padding-top:10px;--padding-bottom:10px;--padding-left:10px;--padding-right:10px;}.elementor-10546 .elementor-element.elementor-element-30aa1917 .elementor-heading-title{font-size:var( --e-global-typography-eedfdd6-font-size );line-height:var( --e-global-typography-eedfdd6-line-height );letter-spacing:var( --e-global-typography-eedfdd6-letter-spacing );word-spacing:var( --e-global-typography-eedfdd6-word-spacing );}.elementor-10546 .elementor-element.elementor-element-1c6f8451{font-size:var( --e-global-typography-42041fa-font-size );line-height:var( --e-global-typography-42041fa-line-height );letter-spacing:var( --e-global-typography-42041fa-letter-spacing );word-spacing:var( --e-global-typography-42041fa-word-spacing );}}@media(max-width:480px){.elementor-10546 .elementor-element.elementor-element-2f0d2f82{--width:100%;}.elementor-10546 .elementor-element.elementor-element-61242a6a{--min-height:200px;--margin-top:0px;--margin-bottom:0px;--margin-left:0px;--margin-right:0px;}.elementor-10546 .elementor-element.elementor-element-2c039f4a{--gap:10px 10px;--row-gap:10px;--column-gap:10px;--margin-top:20px;--margin-bottom:0px;--margin-left:0px;--margin-right:0px;}.elementor-10546 .elementor-element.elementor-element-30aa1917 .elementor-heading-title{font-size:var( --e-global-typography-eedfdd6-font-size );line-height:var( --e-global-typography-eedfdd6-line-height );letter-spacing:var( --e-global-typography-eedfdd6-letter-spacing );word-spacing:var( --e-global-typography-eedfdd6-word-spacing );}.elementor-10546 .elementor-element.elementor-element-1c6f8451{font-size:var( --e-global-typography-42041fa-font-size );line-height:var( --e-global-typography-42041fa-line-height );letter-spacing:var( --e-global-typography-42041fa-letter-spacing );word-spacing:var( --e-global-typography-42041fa-word-spacing );}}<\/style>\t\t<div data-elementor-type=\"loop-item\" data-elementor-id=\"10546\" class=\"elementor elementor-10546 e-loop-item e-loop-item-12092 post-12092 post type-post status-publish format-standard has-post-thumbnail hentry category-downloads\" data-elementor-post-type=\"elementor_library\" data-custom-edit-handle=\"1\">\n\t\t\t<a class=\"elementor-element elementor-element-2f0d2f82 e-con-full e-flex e-con e-parent\" data-id=\"2f0d2f82\" data-element_type=\"container\" data-e-type=\"container\" data-settings=\"{&quot;background_background&quot;:&quot;classic&quot;}\" href=\"https:\/\/optano.com\/en\/media\/downloads\/business-analytics-und-mathematische-optimierung\/\">\n\t\t<div class=\"elementor-element elementor-element-61242a6a e-con-full e-flex e-con e-child\" data-id=\"61242a6a\" data-element_type=\"container\" data-e-type=\"container\">\n\t\t\t\t<div class=\"elementor-element elementor-element-882b790 elementor-widget elementor-widget-image\" data-id=\"882b790\" data-element_type=\"widget\" data-e-type=\"widget\" data-widget_type=\"image.default\">\n\t\t\t\t<div class=\"elementor-widget-container\">\n\t\t\t\t\t\t\t\t\t\t\t\t\t\t\t<img decoding=\"async\" src=\"https:\/\/optano.com\/wp-content\/uploads\/2026\/01\/Business-Analytics-Mathematische-Optimierung-OPTANO-DE.png\" title=\"\" alt=\"\" loading=\"lazy\" \/>\t\t\t\t\t\t\t\t\t\t\t\t\t\t\t<\/div>\n\t\t\t\t<\/div>\n\t\t\t\t<\/div>\n\t\t<div class=\"elementor-element elementor-element-2c039f4a e-con-full e-flex e-con e-child\" data-id=\"2c039f4a\" data-element_type=\"container\" data-e-type=\"container\">\n\t\t\t\t<div class=\"elementor-element elementor-element-30aa1917 elementor-widget elementor-widget-theme-post-title elementor-page-title elementor-widget-heading\" data-id=\"30aa1917\" data-element_type=\"widget\" data-e-type=\"widget\" data-widget_type=\"theme-post-title.default\">\n\t\t\t\t<div class=\"elementor-widget-container\">\n\t\t\t\t\t<p class=\"elementor-heading-title elementor-size-default\">Business Analytics und Mathematische Optimierung<\/p>\t\t\t\t<\/div>\n\t\t\t\t<\/div>\n\t\t\t\t<div class=\"elementor-element elementor-element-1c6f8451 elementor-widget elementor-widget-text-editor\" data-id=\"1c6f8451\" data-element_type=\"widget\" data-e-type=\"widget\" data-widget_type=\"text-editor.default\">\n\t\t\t\t<div class=\"elementor-widget-container\">\n\t\t\t\t\t\t\t\t\tIn diesem Factsheet zeigen wir anhand des Gartner-Reifegradmodells, wie datenbasierte Methoden die Entscheidungsqualit\u00e4t erh\u00f6hen und Unternehmen bei komplexen Entscheidungen unterst\u00fctzen.\t\t\t\t\t\t\t\t<\/div>\n\t\t\t\t<\/div>\n\t\t\t\t<\/div>\n\t\t\t\t<\/a>\n\t\t\t\t<\/div>\n\t\t\t\t<div data-elementor-type=\"loop-item\" data-elementor-id=\"10546\" class=\"elementor elementor-10546 e-loop-item e-loop-item-9617 post-9617 post type-post status-publish format-standard has-post-thumbnail hentry category-downloads\" data-elementor-post-type=\"elementor_library\" data-custom-edit-handle=\"1\">\n\t\t\t<a class=\"elementor-element elementor-element-2f0d2f82 e-con-full e-flex e-con e-parent\" data-id=\"2f0d2f82\" data-element_type=\"container\" data-e-type=\"container\" data-settings=\"{&quot;background_background&quot;:&quot;classic&quot;}\" href=\"https:\/\/optano.com\/en\/media\/downloads\/gemeinsam-mit-optano-zum-ziel\/\">\n\t\t<div class=\"elementor-element elementor-element-61242a6a e-con-full e-flex e-con e-child\" data-id=\"61242a6a\" data-element_type=\"container\" data-e-type=\"container\">\n\t\t\t\t<div class=\"elementor-element elementor-element-882b790 elementor-widget elementor-widget-image\" data-id=\"882b790\" data-element_type=\"widget\" data-e-type=\"widget\" data-widget_type=\"image.default\">\n\t\t\t\t<div class=\"elementor-widget-container\">\n\t\t\t\t\t\t\t\t\t\t\t\t\t\t\t<img decoding=\"async\" src=\"https:\/\/optano.com\/wp-content\/uploads\/2025\/11\/Zusammenarbeit-OPTANO-DE.png\" title=\"\" alt=\"\" loading=\"lazy\" \/>\t\t\t\t\t\t\t\t\t\t\t\t\t\t\t<\/div>\n\t\t\t\t<\/div>\n\t\t\t\t<\/div>\n\t\t<div class=\"elementor-element elementor-element-2c039f4a e-con-full e-flex e-con e-child\" data-id=\"2c039f4a\" data-element_type=\"container\" data-e-type=\"container\">\n\t\t\t\t<div class=\"elementor-element elementor-element-30aa1917 elementor-widget elementor-widget-theme-post-title elementor-page-title elementor-widget-heading\" data-id=\"30aa1917\" data-element_type=\"widget\" data-e-type=\"widget\" data-widget_type=\"theme-post-title.default\">\n\t\t\t\t<div class=\"elementor-widget-container\">\n\t\t\t\t\t<p class=\"elementor-heading-title elementor-size-default\">Gemeinsam mit OPTANO zum Ziel<\/p>\t\t\t\t<\/div>\n\t\t\t\t<\/div>\n\t\t\t\t<div class=\"elementor-element elementor-element-1c6f8451 elementor-widget elementor-widget-text-editor\" data-id=\"1c6f8451\" data-element_type=\"widget\" data-e-type=\"widget\" data-widget_type=\"text-editor.default\">\n\t\t\t\t<div class=\"elementor-widget-container\">\n\t\t\t\t\t\t\t\t\tIn diesem Factsheet beschreiben wir, wie Sie gemeinsam mit OPTANO individuelle Optimierungsprojekte erfolgreich umsetzen \u2013 von der Analyse \u00fcber ma\u00dfgeschneiderte Softwarel\u00f6sungen bis hin zur Implementierung.\t\t\t\t\t\t\t\t<\/div>\n\t\t\t\t<\/div>\n\t\t\t\t<\/div>\n\t\t\t\t<\/a>\n\t\t\t\t<\/div>\n\t\t\t\t<div data-elementor-type=\"loop-item\" data-elementor-id=\"10546\" class=\"elementor elementor-10546 e-loop-item e-loop-item-9614 post-9614 post type-post status-publish format-standard has-post-thumbnail hentry category-downloads tag-netzwerkplanung tag-supply-chain\" data-elementor-post-type=\"elementor_library\" data-custom-edit-handle=\"1\">\n\t\t\t<a class=\"elementor-element elementor-element-2f0d2f82 e-con-full e-flex e-con e-parent\" data-id=\"2f0d2f82\" data-element_type=\"container\" data-e-type=\"container\" data-settings=\"{&quot;background_background&quot;:&quot;classic&quot;}\" href=\"https:\/\/optano.com\/en\/media\/downloads\/dynamische-konsolidierung-in-der-logistik\/\">\n\t\t<div class=\"elementor-element elementor-element-61242a6a e-con-full e-flex e-con e-child\" data-id=\"61242a6a\" data-element_type=\"container\" data-e-type=\"container\">\n\t\t\t\t<div class=\"elementor-element elementor-element-882b790 elementor-widget elementor-widget-image\" data-id=\"882b790\" data-element_type=\"widget\" data-e-type=\"widget\" data-widget_type=\"image.default\">\n\t\t\t\t<div class=\"elementor-widget-container\">\n\t\t\t\t\t\t\t\t\t\t\t\t\t\t\t<img decoding=\"async\" src=\"https:\/\/optano.com\/wp-content\/uploads\/2025\/11\/Dynamische-Konsolidierung-Logistik-OPTANO-DE.png\" title=\"\" alt=\"\" loading=\"lazy\" \/>\t\t\t\t\t\t\t\t\t\t\t\t\t\t\t<\/div>\n\t\t\t\t<\/div>\n\t\t\t\t<\/div>\n\t\t<div class=\"elementor-element elementor-element-2c039f4a e-con-full e-flex e-con e-child\" data-id=\"2c039f4a\" data-element_type=\"container\" data-e-type=\"container\">\n\t\t\t\t<div class=\"elementor-element elementor-element-30aa1917 elementor-widget elementor-widget-theme-post-title elementor-page-title elementor-widget-heading\" data-id=\"30aa1917\" data-element_type=\"widget\" data-e-type=\"widget\" data-widget_type=\"theme-post-title.default\">\n\t\t\t\t<div class=\"elementor-widget-container\">\n\t\t\t\t\t<p class=\"elementor-heading-title elementor-size-default\">Dynamische Konsolidierung in der Logistik<\/p>\t\t\t\t<\/div>\n\t\t\t\t<\/div>\n\t\t\t\t<div class=\"elementor-element elementor-element-1c6f8451 elementor-widget elementor-widget-text-editor\" data-id=\"1c6f8451\" data-element_type=\"widget\" data-e-type=\"widget\" data-widget_type=\"text-editor.default\">\n\t\t\t\t<div class=\"elementor-widget-container\">\n\t\t\t\t\t\t\t\t\tErfahren Sie in diesem Factsheet, wie die Konsolidierung SKU-basierter Warenstr\u00f6me in der Sales &amp; Operations Planung zum Schl\u00fcssel f\u00fcr mehr Effizienz und nachhaltige Wettbewerbsf\u00e4higkeit wird.\t\t\t\t\t\t\t\t<\/div>\n\t\t\t\t<\/div>\n\t\t\t\t<\/div>\n\t\t\t\t<\/a>\n\t\t\t\t<\/div>\n\t\t\t\t<div data-elementor-type=\"loop-item\" data-elementor-id=\"10546\" class=\"elementor elementor-10546 e-loop-item e-loop-item-9610 post-9610 post type-post status-publish format-standard has-post-thumbnail hentry category-downloads tag-supply-chain\" data-elementor-post-type=\"elementor_library\" data-custom-edit-handle=\"1\">\n\t\t\t<a class=\"elementor-element elementor-element-2f0d2f82 e-con-full e-flex e-con e-parent\" data-id=\"2f0d2f82\" data-element_type=\"container\" data-e-type=\"container\" data-settings=\"{&quot;background_background&quot;:&quot;classic&quot;}\" href=\"https:\/\/optano.com\/en\/media\/downloads\/komplexe-netzwerke-erfolgreich-steuern\/\">\n\t\t<div class=\"elementor-element elementor-element-61242a6a e-con-full e-flex e-con e-child\" data-id=\"61242a6a\" data-element_type=\"container\" data-e-type=\"container\">\n\t\t\t\t<div class=\"elementor-element elementor-element-882b790 elementor-widget elementor-widget-image\" data-id=\"882b790\" data-element_type=\"widget\" data-e-type=\"widget\" data-widget_type=\"image.default\">\n\t\t\t\t<div class=\"elementor-widget-container\">\n\t\t\t\t\t\t\t\t\t\t\t\t\t\t\t<img decoding=\"async\" src=\"https:\/\/optano.com\/wp-content\/uploads\/2025\/11\/Netzwerkplanung-Optimierung-OPTANO-DE.png\" title=\"\" alt=\"\" loading=\"lazy\" \/>\t\t\t\t\t\t\t\t\t\t\t\t\t\t\t<\/div>\n\t\t\t\t<\/div>\n\t\t\t\t<\/div>\n\t\t<div class=\"elementor-element elementor-element-2c039f4a e-con-full e-flex e-con e-child\" data-id=\"2c039f4a\" data-element_type=\"container\" data-e-type=\"container\">\n\t\t\t\t<div class=\"elementor-element elementor-element-30aa1917 elementor-widget elementor-widget-theme-post-title elementor-page-title elementor-widget-heading\" data-id=\"30aa1917\" data-element_type=\"widget\" data-e-type=\"widget\" data-widget_type=\"theme-post-title.default\">\n\t\t\t\t<div class=\"elementor-widget-container\">\n\t\t\t\t\t<p class=\"elementor-heading-title elementor-size-default\">Komplexe Netzwerke erfolgreich steuern<\/p>\t\t\t\t<\/div>\n\t\t\t\t<\/div>\n\t\t\t\t<div class=\"elementor-element elementor-element-1c6f8451 elementor-widget elementor-widget-text-editor\" data-id=\"1c6f8451\" data-element_type=\"widget\" data-e-type=\"widget\" data-widget_type=\"text-editor.default\">\n\t\t\t\t<div class=\"elementor-widget-container\">\n\t\t\t\t\t\t\t\t\tUnser Factsheet zeigt, wie Sie mit OPTANO Ihre Supply Chain optimieren: Unsere Software macht komplexe Netzwerke effizient, flexibel und nachhaltig.\t\t\t\t\t\t\t\t<\/div>\n\t\t\t\t<\/div>\n\t\t\t\t<\/div>\n\t\t\t\t<\/a>\n\t\t\t\t<\/div>\n\t\t\t\t<div data-elementor-type=\"loop-item\" data-elementor-id=\"10546\" class=\"elementor elementor-10546 e-loop-item e-loop-item-9603 post-9603 post type-post status-publish format-standard has-post-thumbnail hentry category-downloads tag-supply-chain\" data-elementor-post-type=\"elementor_library\" data-custom-edit-handle=\"1\">\n\t\t\t<a class=\"elementor-element elementor-element-2f0d2f82 e-con-full e-flex e-con e-parent\" data-id=\"2f0d2f82\" data-element_type=\"container\" data-e-type=\"container\" data-settings=\"{&quot;background_background&quot;:&quot;classic&quot;}\" href=\"https:\/\/optano.com\/en\/media\/downloads\/steuern-zoelle-und-supply-chains\/\">\n\t\t<div class=\"elementor-element elementor-element-61242a6a e-con-full e-flex e-con e-child\" data-id=\"61242a6a\" data-element_type=\"container\" data-e-type=\"container\">\n\t\t\t\t<div class=\"elementor-element elementor-element-882b790 elementor-widget elementor-widget-image\" data-id=\"882b790\" data-element_type=\"widget\" data-e-type=\"widget\" data-widget_type=\"image.default\">\n\t\t\t\t<div class=\"elementor-widget-container\">\n\t\t\t\t\t\t\t\t\t\t\t\t\t\t\t<img decoding=\"async\" src=\"https:\/\/optano.com\/wp-content\/uploads\/2025\/11\/Steuern-Zoelle-und-SupplyChains-Optimierung-OPTANO-DE.png\" title=\"\" alt=\"\" loading=\"lazy\" \/>\t\t\t\t\t\t\t\t\t\t\t\t\t\t\t<\/div>\n\t\t\t\t<\/div>\n\t\t\t\t<\/div>\n\t\t<div class=\"elementor-element elementor-element-2c039f4a e-con-full e-flex e-con e-child\" data-id=\"2c039f4a\" data-element_type=\"container\" data-e-type=\"container\">\n\t\t\t\t<div class=\"elementor-element elementor-element-30aa1917 elementor-widget elementor-widget-theme-post-title elementor-page-title elementor-widget-heading\" data-id=\"30aa1917\" data-element_type=\"widget\" data-e-type=\"widget\" data-widget_type=\"theme-post-title.default\">\n\t\t\t\t<div class=\"elementor-widget-container\">\n\t\t\t\t\t<p class=\"elementor-heading-title elementor-size-default\">Steuern, Z\u00f6lle und Supply Chains<\/p>\t\t\t\t<\/div>\n\t\t\t\t<\/div>\n\t\t\t\t<div class=\"elementor-element elementor-element-1c6f8451 elementor-widget elementor-widget-text-editor\" data-id=\"1c6f8451\" data-element_type=\"widget\" data-e-type=\"widget\" data-widget_type=\"text-editor.default\">\n\t\t\t\t<div class=\"elementor-widget-container\">\n\t\t\t\t\t\t\t\t\tIn diesem Factsheet zeigen wir anhand eines fiktiven Anwendungsfalls, wie mit OPTANO ein komplexes Produktionsnetzwerk nach der Einf\u00fchrung von Strafz\u00f6llen einfach umgeplant werden kann.\t\t\t\t\t\t\t\t<\/div>\n\t\t\t\t<\/div>\n\t\t\t\t<\/div>\n\t\t\t\t<\/a>\n\t\t\t\t<\/div>\n\t\t\t\t<div data-elementor-type=\"loop-item\" data-elementor-id=\"10546\" class=\"elementor elementor-10546 e-loop-item e-loop-item-9597 post-9597 post type-post status-publish format-standard has-post-thumbnail hentry category-downloads tag-netzwerkplanung tag-supply-chain\" data-elementor-post-type=\"elementor_library\" data-custom-edit-handle=\"1\">\n\t\t\t<a class=\"elementor-element elementor-element-2f0d2f82 e-con-full e-flex e-con e-parent\" data-id=\"2f0d2f82\" data-element_type=\"container\" data-e-type=\"container\" data-settings=\"{&quot;background_background&quot;:&quot;classic&quot;}\" href=\"https:\/\/optano.com\/en\/media\/downloads\/the-art-of-balance\/\">\n\t\t<div class=\"elementor-element elementor-element-61242a6a e-con-full e-flex e-con e-child\" data-id=\"61242a6a\" data-element_type=\"container\" data-e-type=\"container\">\n\t\t\t\t<div class=\"elementor-element elementor-element-882b790 elementor-widget elementor-widget-image\" data-id=\"882b790\" data-element_type=\"widget\" data-e-type=\"widget\" data-widget_type=\"image.default\">\n\t\t\t\t<div class=\"elementor-widget-container\">\n\t\t\t\t\t\t\t\t\t\t\t\t\t\t\t<img decoding=\"async\" src=\"https:\/\/optano.com\/wp-content\/uploads\/2025\/11\/The-art-of-balance-OPTANO-DE.png\" title=\"\" alt=\"\" loading=\"lazy\" \/>\t\t\t\t\t\t\t\t\t\t\t\t\t\t\t<\/div>\n\t\t\t\t<\/div>\n\t\t\t\t<\/div>\n\t\t<div class=\"elementor-element elementor-element-2c039f4a e-con-full e-flex e-con e-child\" data-id=\"2c039f4a\" data-element_type=\"container\" data-e-type=\"container\">\n\t\t\t\t<div class=\"elementor-element elementor-element-30aa1917 elementor-widget elementor-widget-theme-post-title elementor-page-title elementor-widget-heading\" data-id=\"30aa1917\" data-element_type=\"widget\" data-e-type=\"widget\" data-widget_type=\"theme-post-title.default\">\n\t\t\t\t<div class=\"elementor-widget-container\">\n\t\t\t\t\t<p class=\"elementor-heading-title elementor-size-default\">The art of balance<\/p>\t\t\t\t<\/div>\n\t\t\t\t<\/div>\n\t\t\t\t<div class=\"elementor-element elementor-element-1c6f8451 elementor-widget elementor-widget-text-editor\" data-id=\"1c6f8451\" data-element_type=\"widget\" data-e-type=\"widget\" data-widget_type=\"text-editor.default\">\n\t\t\t\t<div class=\"elementor-widget-container\">\n\t\t\t\t\t\t\t\t\tErfahren Sie, wie Sie das optimale Gleichgewicht zwischen Service, Kosten, Cashflow und Nachhaltigkeit mit dem Supply Chain Triangle finden.\t\t\t\t\t\t\t\t<\/div>\n\t\t\t\t<\/div>\n\t\t\t\t<\/div>\n\t\t\t\t<\/a>\n\t\t\t\t<\/div>\n\t\t\t\t<\/div>\n\t\t\n\t\t\t\t<div class=\"e-load-more-anchor\" data-page=\"1\" data-max-page=\"2\" data-next-page=\"https:\/\/optano.com\/en\/?e-page-c82d64d=2\"><\/div>\n\t\t\t\t<nav class=\"elementor-pagination\" aria-label=\"Pagination\">\n\t\t\t<span class=\"page-numbers prev\"><<\/span>\n<span aria-current=\"page\" class=\"page-numbers current\"><span class=\"elementor-screen-only\">Page<\/span>1<\/span>\n<a class=\"page-numbers\" href=\"https:\/\/optano.com\/en\/wp-json\/wp\/v2\/pages\/154\/?e-page-c82d64d=2\"><span class=\"elementor-screen-only\">Page<\/span>2<\/a>\n<a class=\"page-numbers next\" href=\"https:\/\/optano.com\/en\/?e-page-c82d64d=2\">><\/a>\t\t<\/nav>\n\t\t\t\t\t\t<\/div>\n\t\t\t\t<\/div>\n\t\t\t\t<\/div>\n\t\t\t\t<\/div>\n\t\t","protected":false},"excerpt":{"rendered":"<p>OPTANO helps companies improve their planning, resilience and efficiency. Real projects show how data-based decisions work.<\/p>","protected":false},"author":3,"featured_media":9669,"parent":406,"menu_order":0,"comment_status":"closed","ping_status":"closed","template":"","meta":{"_acf_changed":false,"footnotes":""},"class_list":["post-154","page","type-page","status-publish","has-post-thumbnail","hentry"],"acf":[],"_links":{"self":[{"href":"https:\/\/optano.com\/en\/wp-json\/wp\/v2\/pages\/154","targetHints":{"allow":["GET"]}}],"collection":[{"href":"https:\/\/optano.com\/en\/wp-json\/wp\/v2\/pages"}],"about":[{"href":"https:\/\/optano.com\/en\/wp-json\/wp\/v2\/types\/page"}],"author":[{"embeddable":true,"href":"https:\/\/optano.com\/en\/wp-json\/wp\/v2\/users\/3"}],"replies":[{"embeddable":true,"href":"https:\/\/optano.com\/en\/wp-json\/wp\/v2\/comments?post=154"}],"version-history":[{"count":74,"href":"https:\/\/optano.com\/en\/wp-json\/wp\/v2\/pages\/154\/revisions"}],"predecessor-version":[{"id":12988,"href":"https:\/\/optano.com\/en\/wp-json\/wp\/v2\/pages\/154\/revisions\/12988"}],"up":[{"embeddable":true,"href":"https:\/\/optano.com\/en\/wp-json\/wp\/v2\/pages\/406"}],"wp:featuredmedia":[{"embeddable":true,"href":"https:\/\/optano.com\/en\/wp-json\/wp\/v2\/media\/9669"}],"wp:attachment":[{"href":"https:\/\/optano.com\/en\/wp-json\/wp\/v2\/media?parent=154"}],"curies":[{"name":"wp","href":"https:\/\/api.w.org\/{rel}","templated":true}]}}