{"id":12383,"date":"2026-01-15T11:07:42","date_gmt":"2026-01-15T10:07:42","guid":{"rendered":"https:\/\/optano.com\/?page_id=12383"},"modified":"2026-01-30T13:39:17","modified_gmt":"2026-01-30T12:39:17","slug":"talk-to-an-expert","status":"publish","type":"page","link":"https:\/\/optano.com\/en\/talk-to-an-expert\/","title":{"rendered":"Talk to an Expert"},"content":{"rendered":"\t\t<div data-elementor-type=\"wp-page\" data-elementor-id=\"12383\" class=\"elementor elementor-12383\" data-elementor-post-type=\"page\">\n\t\t\t\t<div class=\"elementor-element elementor-element-97e2a64 e-con-full e-flex e-con e-parent\" data-id=\"97e2a64\" data-element_type=\"container\" data-e-type=\"container\">\n\t\t<div class=\"elementor-element elementor-element-93c23c6 e-con-full e-flex e-con e-child\" data-id=\"93c23c6\" data-element_type=\"container\" data-e-type=\"container\">\n\t\t\t\t<div class=\"elementor-element elementor-element-40f9d08 elementor-widget elementor-widget-image\" data-id=\"40f9d08\" data-element_type=\"widget\" data-e-type=\"widget\" data-widget_type=\"image.default\">\n\t\t\t\t<div class=\"elementor-widget-container\">\n\t\t\t\t\t\t\t\t\t\t\t\t\t\t\t<img fetchpriority=\"high\" decoding=\"async\" width=\"550\" height=\"550\" src=\"https:\/\/optano.com\/wp-content\/uploads\/2026\/01\/OPTANO-Demo.png\" class=\"attachment-large size-large wp-image-12593\" alt=\"OPTANO-Demo\" srcset=\"https:\/\/optano.com\/wp-content\/uploads\/2026\/01\/OPTANO-Demo.png 550w, https:\/\/optano.com\/wp-content\/uploads\/2026\/01\/OPTANO-Demo-300x300.png 300w, https:\/\/optano.com\/wp-content\/uploads\/2026\/01\/OPTANO-Demo-150x150.png 150w, https:\/\/optano.com\/wp-content\/uploads\/2026\/01\/OPTANO-Demo-12x12.png 12w\" sizes=\"(max-width: 550px) 100vw, 550px\" \/>\t\t\t\t\t\t\t\t\t\t\t\t\t\t\t<\/div>\n\t\t\t\t<\/div>\n\t\t\t\t<\/div>\n\t\t<div class=\"elementor-element elementor-element-bbbd84d e-con-full e-flex e-con e-child\" data-id=\"bbbd84d\" data-element_type=\"container\" data-e-type=\"container\">\n\t\t\t\t<div class=\"elementor-element elementor-element-461ce57 elementor-widget elementor-widget-text-editor\" data-id=\"461ce57\" data-element_type=\"widget\" data-e-type=\"widget\" data-widget_type=\"text-editor.default\">\n\t\t\t\t<div class=\"elementor-widget-container\">\n\t\t\t\t\t\t\t\t\t<p data-start=\"370\" data-end=\"610\">Optimierungsprobleme entstehen, wenn mehrere Ziele und Nebenbedingungen gleichzeitig ber\u00fccksichtigt werden m\u00fcssen \u2013 etwa Kosten, Kapazit\u00e4ten oder Zeitfenster. Welche L\u00f6sungsans\u00e4tze sinnvoll sind, h\u00e4ngt vom konkreten Entscheidungsproblem ab.<\/p><p data-start=\"612\" data-end=\"867\">Buchen Sie einen <strong data-start=\"629\" data-end=\"670\">15- oder 30-min\u00fctigen Gespr\u00e4chstermin<\/strong>, um Ihre konkrete Herausforderung zu besprechen. Wir erl\u00e4utern, wie und ob mathematische Optimierung eingesetzt werden kann, wie Zielkonflikte modelliert werden und welcher Impact realistisch ist.<\/p>\t\t\t\t\t\t\t\t<\/div>\n\t\t\t\t<\/div>\n\t\t\t\t<\/div>\n\t\t\t\t<\/div>\n\t\t<div class=\"elementor-element elementor-element-16e35d1 e-con-full e-flex e-con e-child\" data-id=\"16e35d1\" data-element_type=\"container\" data-e-type=\"container\">\n\t\t<div class=\"elementor-element elementor-element-234bda1 e-con-full e-flex e-con e-child\" data-id=\"234bda1\" data-element_type=\"container\" data-e-type=\"container\">\n\t\t\t\t<div class=\"elementor-element elementor-element-c9c5d7f elementor-widget elementor-widget-menu-anchor\" data-id=\"c9c5d7f\" data-element_type=\"widget\" data-e-type=\"widget\" data-widget_type=\"menu-anchor.default\">\n\t\t\t\t<div class=\"elementor-widget-container\">\n\t\t\t\t\t\t\t<div class=\"elementor-menu-anchor\" id=\"kontakt\"><\/div>\n\t\t\t\t\t\t<\/div>\n\t\t\t\t<\/div>\n\t\t\t\t<div class=\"elementor-element elementor-element-756ed33 elementor-widget elementor-widget-heading\" data-id=\"756ed33\" data-element_type=\"widget\" data-e-type=\"widget\" data-widget_type=\"heading.default\">\n\t\t\t\t<div class=\"elementor-widget-container\">\n\t\t\t\t\t<h2 class=\"elementor-heading-title elementor-size-default\">Unsere Ansprechpartner<\/h2>\t\t\t\t<\/div>\n\t\t\t\t<\/div>\n\t\t\t\t<div class=\"elementor-element elementor-element-f040029 elementor-widget elementor-widget-heading\" data-id=\"f040029\" data-element_type=\"widget\" data-e-type=\"widget\" data-widget_type=\"heading.default\">\n\t\t\t\t<div class=\"elementor-widget-container\">\n\t\t\t\t\t<h3 class=\"elementor-heading-title elementor-size-default\">Wir sind jederzeit f\u00fcr Sie ansprechbar - gerne per du!<\/h3>\t\t\t\t<\/div>\n\t\t\t\t<\/div>\n\t\t\t\t<\/div>\n\t\t<div class=\"elementor-element elementor-element-5c34a3b e-con-full e-flex e-con e-child\" data-id=\"5c34a3b\" data-element_type=\"container\" data-e-type=\"container\">\n\t\t\t\t<div class=\"elementor-element elementor-element-92320a7 elementor-grid-laptop-2 elementor-grid-tablet-2 elementor-grid-2 elementor-grid-mobile-1 elementor-widget elementor-widget-loop-grid\" data-id=\"92320a7\" data-element_type=\"widget\" data-e-type=\"widget\" data-settings=\"{&quot;template_id&quot;:&quot;9101&quot;,&quot;columns_laptop&quot;:2,&quot;columns_tablet&quot;:2,&quot;columns&quot;:2,&quot;_skin&quot;:&quot;post&quot;,&quot;columns_mobile&quot;:&quot;1&quot;,&quot;edit_handle_selector&quot;:&quot;[data-elementor-type=\\&quot;loop-item\\&quot;]&quot;,&quot;row_gap&quot;:{&quot;unit&quot;:&quot;px&quot;,&quot;size&quot;:&quot;&quot;,&quot;sizes&quot;:[]},&quot;row_gap_laptop&quot;:{&quot;unit&quot;:&quot;px&quot;,&quot;size&quot;:&quot;&quot;,&quot;sizes&quot;:[]},&quot;row_gap_tablet&quot;:{&quot;unit&quot;:&quot;px&quot;,&quot;size&quot;:&quot;&quot;,&quot;sizes&quot;:[]},&quot;row_gap_mobile&quot;:{&quot;unit&quot;:&quot;px&quot;,&quot;size&quot;:&quot;&quot;,&quot;sizes&quot;:[]}}\" data-widget_type=\"loop-grid.post\">\n\t\t\t\t<div class=\"elementor-widget-container\">\n\t\t\t\t\t\t\t<div class=\"elementor-loop-container elementor-grid\" role=\"list\">\n\t\t<style id=\"loop-9101\">.elementor-9101 .elementor-element.elementor-element-d313289{--display:flex;--flex-direction:column;--container-widget-width:calc( ( 1 - var( --container-widget-flex-grow ) ) * 100% );--container-widget-height:initial;--container-widget-flex-grow:0;--container-widget-align-self:initial;--flex-wrap-mobile:wrap;--align-items:center;--gap:0px 0px;--row-gap:0px;--column-gap:0px;--margin-top:0px;--margin-bottom:120px;--margin-left:0px;--margin-right:0px;}.elementor-9101 .elementor-element.elementor-element-d313289.e-con{--flex-grow:0;--flex-shrink:0;}.elementor-9101 .elementor-element.elementor-element-3885de6{--display:flex;--margin-top:0px;--margin-bottom:0px;--margin-left:0px;--margin-right:0px;--padding-top:0px;--padding-bottom:0px;--padding-left:0px;--padding-right:0px;}.elementor-9101 .elementor-element.elementor-element-3885de6:not(.elementor-motion-effects-element-type-background), .elementor-9101 .elementor-element.elementor-element-3885de6 > .elementor-motion-effects-container > .elementor-motion-effects-layer{background-color:var( --e-global-color-8b019f8 );background-image:url(\"https:\/\/optano.com\/wp-content\/uploads\/2025\/09\/Higru_final.jpg\");background-position:top center;}.elementor-9101 .elementor-element.elementor-element-b415b46 > .elementor-widget-container{margin:-100px 0px 0px 0px;}.elementor-9101 .elementor-element.elementor-element-e650e98{--display:flex;--flex-direction:row;--container-widget-width:calc( ( 1 - var( --container-widget-flex-grow ) ) * 100% );--container-widget-height:100%;--container-widget-flex-grow:1;--container-widget-align-self:stretch;--flex-wrap-mobile:wrap;--justify-content:space-between;--align-items:flex-start;--gap:10px 10px;--row-gap:10px;--column-gap:10px;--margin-top:0px;--margin-bottom:0px;--margin-left:0px;--margin-right:0px;--padding-top:15px;--padding-bottom:15px;--padding-left:15px;--padding-right:15px;}.elementor-9101 .elementor-element.elementor-element-2d09eb7{--display:flex;--justify-content:center;--align-items:flex-start;--container-widget-width:calc( ( 1 - var( --container-widget-flex-grow ) ) * 100% );}.elementor-9101 .elementor-element.elementor-element-4ab8098{text-align:start;font-size:16px;font-weight:700;color:var( --e-global-color-text );}.elementor-9101 .elementor-element.elementor-element-4ab8098 .elementor-drop-cap{margin-inline-end:10px;}.elementor-9101 .elementor-element.elementor-element-2730500{text-align:start;font-size:16px;color:var( --e-global-color-text );}.elementor-9101 .elementor-element.elementor-element-eac9b45{--display:flex;--align-items:flex-end;--container-widget-width:calc( ( 1 - var( --container-widget-flex-grow ) ) * 100% );}.elementor-9101 .elementor-element.elementor-element-db6a5ac{--grid-template-columns:repeat(0, auto);--icon-size:20px;--grid-column-gap:20px;--grid-row-gap:0px;}.elementor-9101 .elementor-element.elementor-element-db6a5ac .elementor-widget-container{text-align:center;}.elementor-9101 .elementor-element.elementor-element-db6a5ac .elementor-social-icon{background-color:var( --e-global-color-04c4d91 );border-style:solid;border-width:1px 1px 1px 1px;}.elementor-9101 .elementor-element.elementor-element-db6a5ac .elementor-social-icon i{color:var( --e-global-color-primary );}.elementor-9101 .elementor-element.elementor-element-db6a5ac .elementor-social-icon svg{fill:var( --e-global-color-primary );}.elementor-9101 .elementor-element.elementor-element-db6a5ac .elementor-social-icon:hover{background-color:var( --e-global-color-04c4d91 );border-color:var( --e-global-color-primary );}.elementor-9101 .elementor-element.elementor-element-db6a5ac .elementor-social-icon:hover i{color:var( --e-global-color-primary );}.elementor-9101 .elementor-element.elementor-element-db6a5ac .elementor-social-icon:hover svg{fill:var( --e-global-color-primary );}@media(min-width:481px){.elementor-9101 .elementor-element.elementor-element-2d09eb7{--width:55%;}.elementor-9101 .elementor-element.elementor-element-eac9b45{--width:45%;}}@media(max-width:1024px) and (min-width:481px){.elementor-9101 .elementor-element.elementor-element-d313289{--width:100%;}.elementor-9101 .elementor-element.elementor-element-2d09eb7{--width:100%;}.elementor-9101 .elementor-element.elementor-element-eac9b45{--width:100%;}}@media(max-width:1366px){.elementor-9101 .elementor-element.elementor-element-e650e98{--flex-direction:column;--container-widget-width:calc( ( 1 - var( --container-widget-flex-grow ) ) * 100% );--container-widget-height:initial;--container-widget-flex-grow:0;--container-widget-align-self:initial;--flex-wrap-mobile:wrap;--align-items:flex-start;}.elementor-9101 .elementor-element.elementor-element-eac9b45{--align-items:flex-start;--container-widget-width:calc( ( 1 - var( --container-widget-flex-grow ) ) * 100% );}}@media(max-width:1024px){.elementor-9101 .elementor-element.elementor-element-d313289{--align-items:center;--container-widget-width:calc( ( 1 - var( --container-widget-flex-grow ) ) * 100% );}.elementor-9101 .elementor-element.elementor-element-e650e98{--flex-direction:column;--container-widget-width:calc( ( 1 - var( --container-widget-flex-grow ) ) * 100% );--container-widget-height:initial;--container-widget-flex-grow:0;--container-widget-align-self:initial;--flex-wrap-mobile:wrap;--justify-content:center;--align-items:flex-start;--gap:10px 10px;--row-gap:10px;--column-gap:10px;--flex-wrap:nowrap;--padding-top:5px;--padding-bottom:5px;--padding-left:5px;--padding-right:5px;}.elementor-9101 .elementor-element.elementor-element-2d09eb7{--align-items:flex-start;--container-widget-width:calc( ( 1 - var( --container-widget-flex-grow ) ) * 100% );}.elementor-9101 .elementor-element.elementor-element-4ab8098{font-size:16px;}.elementor-9101 .elementor-element.elementor-element-2730500{font-size:16px;}.elementor-9101 .elementor-element.elementor-element-eac9b45{--align-items:flex-start;--container-widget-width:calc( ( 1 - var( --container-widget-flex-grow ) ) * 100% );}.elementor-9101 .elementor-element.elementor-element-db6a5ac{--grid-column-gap:10px;}}@media(max-width:480px){.elementor-9101 .elementor-element.elementor-element-d313289{--margin-top:0px;--margin-bottom:100px;--margin-left:0px;--margin-right:0px;}.elementor-9101 .elementor-element.elementor-element-e650e98{--gap:10px 10px;--row-gap:10px;--column-gap:10px;--padding-top:5px;--padding-bottom:5px;--padding-left:5px;--padding-right:5px;}.elementor-9101 .elementor-element.elementor-element-2d09eb7{--align-items:center;--container-widget-width:calc( ( 1 - var( --container-widget-flex-grow ) ) * 100% );}.elementor-9101 .elementor-element.elementor-element-eac9b45{--align-items:center;--container-widget-width:calc( ( 1 - var( --container-widget-flex-grow ) ) * 100% );}.elementor-9101 .elementor-element.elementor-element-db6a5ac{--grid-column-gap:5px;}}<\/style>\t\t<div data-elementor-type=\"loop-item\" data-elementor-id=\"9101\" class=\"elementor elementor-9101 e-loop-item e-loop-item-10627 post-10627 post type-post status-publish format-standard hentry category-team\" data-elementor-post-type=\"elementor_library\" data-custom-edit-handle=\"1\">\n\t\t\t<div class=\"elementor-element elementor-element-d313289 e-con-full e-flex e-con e-parent\" data-id=\"d313289\" data-element_type=\"container\" data-e-type=\"container\">\n\t\t<div class=\"elementor-element elementor-element-3885de6 e-con-full e-flex e-con e-child\" data-id=\"3885de6\" data-element_type=\"container\" data-e-type=\"container\" data-settings=\"{&quot;background_background&quot;:&quot;classic&quot;}\">\n\t\t\t\t<div class=\"elementor-element elementor-element-b415b46 elementor-widget elementor-widget-image\" data-id=\"b415b46\" data-element_type=\"widget\" data-e-type=\"widget\" data-widget_type=\"image.default\">\n\t\t\t\t<div class=\"elementor-widget-container\">\n\t\t\t\t\t\t\t\t\t\t\t\t\t\t\t<img decoding=\"async\" width=\"500\" height=\"500\" src=\"https:\/\/optano.com\/wp-content\/uploads\/2025\/12\/Yenal-Ersen-OPTANO.png\" class=\"attachment-large size-large wp-image-10862\" alt=\"Foto von Yenal Ersen von OPTANO\" srcset=\"https:\/\/optano.com\/wp-content\/uploads\/2025\/12\/Yenal-Ersen-OPTANO.png 500w, https:\/\/optano.com\/wp-content\/uploads\/2025\/12\/Yenal-Ersen-OPTANO-300x300.png 300w, https:\/\/optano.com\/wp-content\/uploads\/2025\/12\/Yenal-Ersen-OPTANO-150x150.png 150w, https:\/\/optano.com\/wp-content\/uploads\/2025\/12\/Yenal-Ersen-OPTANO-12x12.png 12w\" sizes=\"(max-width: 500px) 100vw, 500px\" \/>\t\t\t\t\t\t\t\t\t\t\t\t\t\t\t<\/div>\n\t\t\t\t<\/div>\n\t\t\t\t<\/div>\n\t\t<div class=\"elementor-element elementor-element-e650e98 e-con-full e-flex e-con e-child\" data-id=\"e650e98\" data-element_type=\"container\" data-e-type=\"container\">\n\t\t<div class=\"elementor-element elementor-element-2d09eb7 e-con-full e-flex e-con e-child\" data-id=\"2d09eb7\" data-element_type=\"container\" data-e-type=\"container\">\n\t\t\t\t<div class=\"elementor-element elementor-element-4ab8098 elementor-drop-cap-yes elementor-drop-cap-view-default elementor-widget elementor-widget-text-editor\" data-id=\"4ab8098\" data-element_type=\"widget\" data-e-type=\"widget\" data-settings=\"{&quot;drop_cap&quot;:&quot;yes&quot;}\" data-widget_type=\"text-editor.default\">\n\t\t\t\t<div class=\"elementor-widget-container\">\n\t\t\t\t\t\t\t\t\tYenal Ersen\t\t\t\t\t\t\t\t<\/div>\n\t\t\t\t<\/div>\n\t\t\t\t<div class=\"elementor-element elementor-element-2730500 elementor-widget elementor-widget-text-editor\" data-id=\"2730500\" data-element_type=\"widget\" data-e-type=\"widget\" data-widget_type=\"text-editor.default\">\n\t\t\t\t<div class=\"elementor-widget-container\">\n\t\t\t\t\t\t\t\t\tHead of Business Development\t\t\t\t\t\t\t\t<\/div>\n\t\t\t\t<\/div>\n\t\t\t\t<\/div>\n\t\t<div class=\"elementor-element elementor-element-eac9b45 e-con-full e-flex e-con e-child\" data-id=\"eac9b45\" data-element_type=\"container\" data-e-type=\"container\">\n\t\t\t\t<div class=\"elementor-element elementor-element-db6a5ac elementor-shape-rounded elementor-grid-0 e-grid-align-center elementor-widget elementor-widget-social-icons\" data-id=\"db6a5ac\" data-element_type=\"widget\" data-e-type=\"widget\" data-widget_type=\"social-icons.default\">\n\t\t\t\t<div class=\"elementor-widget-container\">\n\t\t\t\t\t\t\t<div class=\"elementor-social-icons-wrapper elementor-grid\" role=\"list\">\n\t\t\t\t\t\t\t<span class=\"elementor-grid-item\" role=\"listitem\">\n\t\t\t\t\t<a class=\"elementor-icon elementor-social-icon elementor-social-icon-linkedin elementor-repeater-item-2da7796\" href=\"https:\/\/www.linkedin.com\/in\/yenale\/\" target=\"_blank\">\n\t\t\t\t\t\t<span class=\"elementor-screen-only\">Linkedin<\/span>\n\t\t\t\t\t\t<i aria-hidden=\"true\" class=\"fab fa-linkedin\"><\/i>\t\t\t\t\t<\/a>\n\t\t\t\t<\/span>\n\t\t\t\t\t\t\t<span class=\"elementor-grid-item\" role=\"listitem\">\n\t\t\t\t\t<a class=\"elementor-icon elementor-social-icon elementor-social-icon-envelope elementor-repeater-item-d7ab3c4\" href=\"mailto:yenal.ersen@optano.com\" target=\"_blank\">\n\t\t\t\t\t\t<span class=\"elementor-screen-only\">Envelope<\/span>\n\t\t\t\t\t\t<i aria-hidden=\"true\" class=\"fas fa-envelope\"><\/i>\t\t\t\t\t<\/a>\n\t\t\t\t<\/span>\n\t\t\t\t\t\t\t<span class=\"elementor-grid-item\" role=\"listitem\">\n\t\t\t\t\t<a class=\"elementor-icon elementor-social-icon elementor-social-icon-phone elementor-repeater-item-b044a69\" href=\"tel:%20+493020661182\" target=\"_blank\">\n\t\t\t\t\t\t<span class=\"elementor-screen-only\">Phone<\/span>\n\t\t\t\t\t\t<i aria-hidden=\"true\" class=\"fas fa-phone\"><\/i>\t\t\t\t\t<\/a>\n\t\t\t\t<\/span>\n\t\t\t\t\t<\/div>\n\t\t\t\t\t\t<\/div>\n\t\t\t\t<\/div>\n\t\t\t\t<\/div>\n\t\t\t\t<\/div>\n\t\t\t\t<\/div>\n\t\t\t\t<\/div>\n\t\t\t\t<div data-elementor-type=\"loop-item\" data-elementor-id=\"9101\" class=\"elementor elementor-9101 e-loop-item e-loop-item-10640 post-10640 post type-post status-publish format-standard hentry category-team\" data-elementor-post-type=\"elementor_library\" data-custom-edit-handle=\"1\">\n\t\t\t<div class=\"elementor-element elementor-element-d313289 e-con-full e-flex e-con e-parent\" data-id=\"d313289\" data-element_type=\"container\" data-e-type=\"container\">\n\t\t<div class=\"elementor-element elementor-element-3885de6 e-con-full e-flex e-con e-child\" data-id=\"3885de6\" data-element_type=\"container\" data-e-type=\"container\" data-settings=\"{&quot;background_background&quot;:&quot;classic&quot;}\">\n\t\t\t\t<div class=\"elementor-element elementor-element-b415b46 elementor-widget elementor-widget-image\" data-id=\"b415b46\" data-element_type=\"widget\" data-e-type=\"widget\" data-widget_type=\"image.default\">\n\t\t\t\t<div class=\"elementor-widget-container\">\n\t\t\t\t\t\t\t\t\t\t\t\t\t\t\t<img decoding=\"async\" width=\"500\" height=\"500\" src=\"https:\/\/optano.com\/wp-content\/uploads\/2025\/12\/Denise-Lelle-OPTANO.png\" class=\"attachment-large size-large wp-image-10658\" alt=\"Foto von Denise Lelle von OPTANO\" srcset=\"https:\/\/optano.com\/wp-content\/uploads\/2025\/12\/Denise-Lelle-OPTANO.png 500w, https:\/\/optano.com\/wp-content\/uploads\/2025\/12\/Denise-Lelle-OPTANO-300x300.png 300w, https:\/\/optano.com\/wp-content\/uploads\/2025\/12\/Denise-Lelle-OPTANO-150x150.png 150w, https:\/\/optano.com\/wp-content\/uploads\/2025\/12\/Denise-Lelle-OPTANO-12x12.png 12w\" sizes=\"(max-width: 500px) 100vw, 500px\" \/>\t\t\t\t\t\t\t\t\t\t\t\t\t\t\t<\/div>\n\t\t\t\t<\/div>\n\t\t\t\t<\/div>\n\t\t<div class=\"elementor-element elementor-element-e650e98 e-con-full e-flex e-con e-child\" data-id=\"e650e98\" data-element_type=\"container\" data-e-type=\"container\">\n\t\t<div class=\"elementor-element elementor-element-2d09eb7 e-con-full e-flex e-con e-child\" data-id=\"2d09eb7\" data-element_type=\"container\" data-e-type=\"container\">\n\t\t\t\t<div class=\"elementor-element elementor-element-4ab8098 elementor-drop-cap-yes elementor-drop-cap-view-default elementor-widget elementor-widget-text-editor\" data-id=\"4ab8098\" data-element_type=\"widget\" data-e-type=\"widget\" data-settings=\"{&quot;drop_cap&quot;:&quot;yes&quot;}\" data-widget_type=\"text-editor.default\">\n\t\t\t\t<div class=\"elementor-widget-container\">\n\t\t\t\t\t\t\t\t\tDenise Lelle\t\t\t\t\t\t\t\t<\/div>\n\t\t\t\t<\/div>\n\t\t\t\t<div class=\"elementor-element elementor-element-2730500 elementor-widget elementor-widget-text-editor\" data-id=\"2730500\" data-element_type=\"widget\" data-e-type=\"widget\" data-widget_type=\"text-editor.default\">\n\t\t\t\t<div class=\"elementor-widget-container\">\n\t\t\t\t\t\t\t\t\tBusiness Development Manager\t\t\t\t\t\t\t\t<\/div>\n\t\t\t\t<\/div>\n\t\t\t\t<\/div>\n\t\t<div class=\"elementor-element elementor-element-eac9b45 e-con-full e-flex e-con e-child\" data-id=\"eac9b45\" data-element_type=\"container\" data-e-type=\"container\">\n\t\t\t\t<div class=\"elementor-element elementor-element-db6a5ac elementor-shape-rounded elementor-grid-0 e-grid-align-center elementor-widget elementor-widget-social-icons\" data-id=\"db6a5ac\" data-element_type=\"widget\" data-e-type=\"widget\" data-widget_type=\"social-icons.default\">\n\t\t\t\t<div class=\"elementor-widget-container\">\n\t\t\t\t\t\t\t<div class=\"elementor-social-icons-wrapper elementor-grid\" role=\"list\">\n\t\t\t\t\t\t\t<span class=\"elementor-grid-item\" role=\"listitem\">\n\t\t\t\t\t<a class=\"elementor-icon elementor-social-icon elementor-social-icon-linkedin elementor-repeater-item-2da7796\" href=\"https:\/\/www.linkedin.com\/in\/denise-lelle\/\" target=\"_blank\">\n\t\t\t\t\t\t<span class=\"elementor-screen-only\">Linkedin<\/span>\n\t\t\t\t\t\t<i aria-hidden=\"true\" class=\"fab fa-linkedin\"><\/i>\t\t\t\t\t<\/a>\n\t\t\t\t<\/span>\n\t\t\t\t\t\t\t<span class=\"elementor-grid-item\" role=\"listitem\">\n\t\t\t\t\t<a class=\"elementor-icon elementor-social-icon elementor-social-icon-envelope elementor-repeater-item-d7ab3c4\" href=\"mailto:denise.lelle@optano.com\" target=\"_blank\">\n\t\t\t\t\t\t<span class=\"elementor-screen-only\">Envelope<\/span>\n\t\t\t\t\t\t<i aria-hidden=\"true\" class=\"fas fa-envelope\"><\/i>\t\t\t\t\t<\/a>\n\t\t\t\t<\/span>\n\t\t\t\t\t\t\t<span class=\"elementor-grid-item\" role=\"listitem\">\n\t\t\t\t\t<a class=\"elementor-icon elementor-social-icon elementor-social-icon-phone elementor-repeater-item-b044a69\" href=\"tel:%20+4952516822046\" target=\"_blank\">\n\t\t\t\t\t\t<span class=\"elementor-screen-only\">Phone<\/span>\n\t\t\t\t\t\t<i aria-hidden=\"true\" class=\"fas fa-phone\"><\/i>\t\t\t\t\t<\/a>\n\t\t\t\t<\/span>\n\t\t\t\t\t<\/div>\n\t\t\t\t\t\t<\/div>\n\t\t\t\t<\/div>\n\t\t\t\t<\/div>\n\t\t\t\t<\/div>\n\t\t\t\t<\/div>\n\t\t\t\t<\/div>\n\t\t\t\t<\/div>\n\t\t\n\t\t\t\t\t\t<\/div>\n\t\t\t\t<\/div>\n\t\t\t\t<\/div>\n\t\t\t\t<\/div>\n\t\t<div class=\"elementor-element elementor-element-88b43e8 e-flex e-con-boxed e-con e-parent\" data-id=\"88b43e8\" data-element_type=\"container\" data-e-type=\"container\">\n\t\t\t\t\t<div class=\"e-con-inner\">\n\t\t\t\t<div class=\"elementor-element elementor-element-e2464e0 elementor-widget elementor-widget-heading\" data-id=\"e2464e0\" data-element_type=\"widget\" data-e-type=\"widget\" data-widget_type=\"heading.default\">\n\t\t\t\t<div class=\"elementor-widget-container\">\n\t\t\t\t\t<h2 class=\"elementor-heading-title elementor-size-default\">Jetzt Demo vereinbaren<\/h2>\t\t\t\t<\/div>\n\t\t\t\t<\/div>\n\t\t\t\t\t<\/div>\n\t\t\t\t<\/div>\n\t\t<div class=\"elementor-element elementor-element-3937d31 e-con-full e-flex e-con e-parent\" data-id=\"3937d31\" data-element_type=\"container\" data-e-type=\"container\" data-settings=\"{&quot;background_background&quot;:&quot;classic&quot;}\">\n\t\t\t\t<div class=\"elementor-element elementor-element-d9e6ce4 elementor-widget elementor-widget-html\" data-id=\"d9e6ce4\" data-element_type=\"widget\" data-e-type=\"widget\" data-widget_type=\"html.default\">\n\t\t\t\t<div class=\"elementor-widget-container\">\n\t\t\t\t\t <div class=\"brlbs-cmpnt-container brlbs-cmpnt-content-blocker\" data-borlabs-cookie-content-blocker-id=\"default\" data-borlabs-cookie-content=\"PGlmcmFtZSAKc3JjPSJodHRwczovL291dGxvb2sub2ZmaWNlLmNvbS9ib29rL01lZXRPUFRBTk9AYXRrZWFybmV5Lm9ubWljcm9zb2Z0LmNvbS8iIHdpZHRoPScxMDAlJyBoZWlnaHQ9JzEyMDBweCcgc2Nyb2xsaW5nPSd5ZXMnIHN0eWxlPSdib3JkZXI6MCcgPC9pZnJhbWU+\"><div class=\"brlbs-cmpnt-cb-preset-a\"> <p class=\"brlbs-cmpnt-cb-description\">Sie sehen gerade einen Platzhalterinhalt von <strong>Standard<\/strong>. Um auf den eigentlichen Inhalt zuzugreifen, klicken Sie auf den Button unten. Bitte beachten Sie, dass dabei Daten an Drittanbieter weitergegeben werden.<\/p> <div class=\"brlbs-cmpnt-cb-buttons\"> <a class=\"brlbs-cmpnt-cb-btn\" href=\"#\" data-borlabs-cookie-unblock role=\"button\">Inhalt entsperren<\/a> <a class=\"brlbs-cmpnt-cb-btn\" href=\"#\" data-borlabs-cookie-accept-service role=\"button\" style=\"display: none\">Erforderlichen Service akzeptieren und Inhalte entsperren<\/a> <\/div> <a class=\"brlbs-cmpnt-cb-provider-toggle\" href=\"#\" data-borlabs-cookie-show-provider-information role=\"button\">Weitere Informationen<\/a> <\/div><\/div>\n\t\t\t\t<\/div>\n\t\t\t\t<\/div>\n\t\t\t\t<\/div>\n\t\t\t\t<\/div>\n\t\t","protected":false},"excerpt":{"rendered":"<p>Book a 15- or 30-minute appointment and talk to our experts about your challenge. Together we will clarify whether mathematical optimization is suitable for your application.<\/p>","protected":false},"author":6,"featured_media":12885,"parent":0,"menu_order":0,"comment_status":"closed","ping_status":"closed","template":"","meta":{"_acf_changed":false,"footnotes":""},"class_list":["post-12383","page","type-page","status-publish","has-post-thumbnail","hentry"],"acf":[],"_links":{"self":[{"href":"https:\/\/optano.com\/en\/wp-json\/wp\/v2\/pages\/12383","targetHints":{"allow":["GET"]}}],"collection":[{"href":"https:\/\/optano.com\/en\/wp-json\/wp\/v2\/pages"}],"about":[{"href":"https:\/\/optano.com\/en\/wp-json\/wp\/v2\/types\/page"}],"author":[{"embeddable":true,"href":"https:\/\/optano.com\/en\/wp-json\/wp\/v2\/users\/6"}],"replies":[{"embeddable":true,"href":"https:\/\/optano.com\/en\/wp-json\/wp\/v2\/comments?post=12383"}],"version-history":[{"count":86,"href":"https:\/\/optano.com\/en\/wp-json\/wp\/v2\/pages\/12383\/revisions"}],"predecessor-version":[{"id":13217,"href":"https:\/\/optano.com\/en\/wp-json\/wp\/v2\/pages\/12383\/revisions\/13217"}],"wp:featuredmedia":[{"embeddable":true,"href":"https:\/\/optano.com\/en\/wp-json\/wp\/v2\/media\/12885"}],"wp:attachment":[{"href":"https:\/\/optano.com\/en\/wp-json\/wp\/v2\/media?parent=12383"}],"curies":[{"name":"wp","href":"https:\/\/api.w.org\/{rel}","templated":true}]}}