{"id":8918,"date":"2025-09-18T09:12:01","date_gmt":"2025-09-18T07:12:01","guid":{"rendered":"https:\/\/optano.com\/?page_id=8918"},"modified":"2026-01-27T08:24:54","modified_gmt":"2026-01-27T07:24:54","slug":"partner","status":"publish","type":"page","link":"https:\/\/optano.com\/de\/ueber-uns\/partner\/","title":{"rendered":"Technologie- &amp; Beratungspartner von OPTANO"},"content":{"rendered":"\t\t<div data-elementor-type=\"wp-page\" data-elementor-id=\"8918\" class=\"elementor elementor-8918\" data-elementor-post-type=\"page\">\n\t\t\t\t<div class=\"elementor-element elementor-element-879f3dc e-flex e-con-boxed e-con e-parent\" data-id=\"879f3dc\" data-element_type=\"container\" data-e-type=\"container\">\n\t\t\t\t\t<div class=\"e-con-inner\">\n\t\t<div class=\"elementor-element elementor-element-61e18b7 e-con-full e-flex e-con e-child\" data-id=\"61e18b7\" data-element_type=\"container\" data-e-type=\"container\">\n\t\t<div class=\"elementor-element elementor-element-d8e075a e-con-full e-flex e-con e-child\" data-id=\"d8e075a\" data-element_type=\"container\" data-e-type=\"container\">\n\t\t\t\t<div class=\"elementor-element elementor-element-e5e864b elementor-widget elementor-widget-image\" data-id=\"e5e864b\" data-element_type=\"widget\" data-e-type=\"widget\" data-widget_type=\"image.default\">\n\t\t\t\t<div class=\"elementor-widget-container\">\n\t\t\t\t\t\t\t\t\t\t\t\t\t\t\t<img fetchpriority=\"high\" decoding=\"async\" width=\"550\" height=\"550\" src=\"https:\/\/optano.com\/wp-content\/uploads\/2026\/01\/Partner-OPTANO.png\" class=\"attachment-large size-large wp-image-12619\" alt=\"Partner-OPTANO\" srcset=\"https:\/\/optano.com\/wp-content\/uploads\/2026\/01\/Partner-OPTANO.png 550w, https:\/\/optano.com\/wp-content\/uploads\/2026\/01\/Partner-OPTANO-300x300.png 300w, https:\/\/optano.com\/wp-content\/uploads\/2026\/01\/Partner-OPTANO-150x150.png 150w, https:\/\/optano.com\/wp-content\/uploads\/2026\/01\/Partner-OPTANO-12x12.png 12w\" sizes=\"(max-width: 550px) 100vw, 550px\" \/>\t\t\t\t\t\t\t\t\t\t\t\t\t\t\t<\/div>\n\t\t\t\t<\/div>\n\t\t\t\t<\/div>\n\t\t<div class=\"elementor-element elementor-element-dd2655c e-con-full e-flex e-con e-child\" data-id=\"dd2655c\" data-element_type=\"container\" data-e-type=\"container\">\n\t\t<div class=\"elementor-element elementor-element-c6f8b0c e-con-full e-flex e-con e-child\" data-id=\"c6f8b0c\" data-element_type=\"container\" data-e-type=\"container\">\n\t\t\t\t<div class=\"elementor-element elementor-element-5610974 elementor-widget elementor-widget-text-editor\" data-id=\"5610974\" data-element_type=\"widget\" data-e-type=\"widget\" data-widget_type=\"text-editor.default\">\n\t\t\t\t<div class=\"elementor-widget-container\">\n\t\t\t\t\t\t\t\t\t<p>F\u00fcr die Entwicklung und den Einsatz unserer OPTANO-L\u00f6sungen arbeiten wir mit ausgew\u00e4hlten Technologie- und Netzwerkpartnern zusammen. Diese Partner erg\u00e4nzen unser Portfolio durch spezialisierte Softwarekomponenten, wissenschaftliche Expertise oder hochwertige Datenangebote. Auf dieser Seite stellen wir die Organisationen vor, deren Technologien oder Leistungen wir in unserem \u00d6kosystem nutzen oder mit denen wir in fachlichem Austausch stehen.<\/p>\t\t\t\t\t\t\t\t<\/div>\n\t\t\t\t<\/div>\n\t\t\t\t<\/div>\n\t\t\t\t<\/div>\n\t\t\t\t<\/div>\n\t\t\t\t\t<\/div>\n\t\t\t\t<\/div>\n\t\t<div class=\"elementor-element elementor-element-77eeccf6 e-con-full e-flex e-con e-child\" data-id=\"77eeccf6\" data-element_type=\"container\" data-e-type=\"container\">\n\t\t<div class=\"elementor-element elementor-element-6f448615 e-con-full e-flex e-con e-child\" data-id=\"6f448615\" data-element_type=\"container\" data-e-type=\"container\">\n\t\t\t\t<div class=\"elementor-element elementor-element-75c157c1 elementor-widget elementor-widget-image\" data-id=\"75c157c1\" data-element_type=\"widget\" data-e-type=\"widget\" data-widget_type=\"image.default\">\n\t\t\t\t<div class=\"elementor-widget-container\">\n\t\t\t\t\t\t\t\t\t\t\t\t\t\t\t\t<a href=\"https:\/\/log-hub.com\/\">\n\t\t\t\t\t\t\t<img decoding=\"async\" width=\"600\" height=\"300\" src=\"https:\/\/optano.com\/wp-content\/uploads\/2025\/12\/Log_Hub_600x300.png\" class=\"attachment-large size-large wp-image-11325\" alt=\"Logo Log Hub\" srcset=\"https:\/\/optano.com\/wp-content\/uploads\/2025\/12\/Log_Hub_600x300.png 600w, https:\/\/optano.com\/wp-content\/uploads\/2025\/12\/Log_Hub_600x300-300x150.png 300w, https:\/\/optano.com\/wp-content\/uploads\/2025\/12\/Log_Hub_600x300-18x9.png 18w\" sizes=\"(max-width: 600px) 100vw, 600px\" \/>\t\t\t\t\t\t\t\t<\/a>\n\t\t\t\t\t\t\t\t\t\t\t\t\t\t\t<\/div>\n\t\t\t\t<\/div>\n\t\t\t\t<\/div>\n\t\t<div class=\"elementor-element elementor-element-726b427c e-con-full e-flex e-con e-child\" data-id=\"726b427c\" data-element_type=\"container\" data-e-type=\"container\">\n\t\t\t\t<div class=\"elementor-element elementor-element-3e39e69a elementor-widget elementor-widget-heading\" data-id=\"3e39e69a\" data-element_type=\"widget\" data-e-type=\"widget\" data-widget_type=\"heading.default\">\n\t\t\t\t<div class=\"elementor-widget-container\">\n\t\t\t\t\t<h2 class=\"elementor-heading-title elementor-size-default\">Log-hub<\/h2>\t\t\t\t<\/div>\n\t\t\t\t<\/div>\n\t\t\t\t<div class=\"elementor-element elementor-element-54114d5f elementor-widget elementor-widget-text-editor\" data-id=\"54114d5f\" data-element_type=\"widget\" data-e-type=\"widget\" data-widget_type=\"text-editor.default\">\n\t\t\t\t<div class=\"elementor-widget-container\">\n\t\t\t\t\t\t\t\t\t<p>Log-hub ist ein Schweizer Technologieunternehmen im Bereich Supply Chain, das Software und Analysen bereitstellt, um Organisationen bei der Modellierung, Analyse und Optimierung ihrer Liefernetzwerke zu unterst\u00fctzen. Durch unsere Partnerschaft mit Log-hub integrieren wir ausgew\u00e4hlte Funktionen der Supply Chain Apps und Modellierungsans\u00e4tze direkt in OPTANO. Dadurch k\u00f6nnen unsere Kunden pr\u00e4zise und robuste Entscheidungshilfen f\u00fcr Netzwerkanalysen und Optimierungsprozesse nutzen.<\/p>\t\t\t\t\t\t\t\t<\/div>\n\t\t\t\t<\/div>\n\t\t\t\t<\/div>\n\t\t\t\t<\/div>\n\t\t<div class=\"elementor-element elementor-element-35dbd189 e-con-full e-flex e-con e-child\" data-id=\"35dbd189\" data-element_type=\"container\" data-e-type=\"container\">\n\t\t<div class=\"elementor-element elementor-element-7a835d66 e-con-full e-flex e-con e-child\" data-id=\"7a835d66\" data-element_type=\"container\" data-e-type=\"container\">\n\t\t\t\t<div class=\"elementor-element elementor-element-408f203b elementor-widget elementor-widget-heading\" data-id=\"408f203b\" data-element_type=\"widget\" data-e-type=\"widget\" data-widget_type=\"heading.default\">\n\t\t\t\t<div class=\"elementor-widget-container\">\n\t\t\t\t\t<h2 class=\"elementor-heading-title elementor-size-default\">Gurobi Optimization<\/h2>\t\t\t\t<\/div>\n\t\t\t\t<\/div>\n\t\t\t\t<div class=\"elementor-element elementor-element-67dca337 elementor-widget elementor-widget-text-editor\" data-id=\"67dca337\" data-element_type=\"widget\" data-e-type=\"widget\" data-widget_type=\"text-editor.default\">\n\t\t\t\t<div class=\"elementor-widget-container\">\n\t\t\t\t\t\t\t\t\t<p>Gurobi ist einer der weltweit leistungsst\u00e4rksten Optimizer f\u00fcr mathematische Modelle. Die Solver-Technologie von Gurobi bildet das Fundament vieler OPTANO-Optimierungsprozesse und erm\u00f6glicht es uns, selbst hochkomplexe Modelle schnell und zuverl\u00e4ssig zu l\u00f6sen. Unsere enge Partnerschaft stellt sicher, dass OPTANO-Kunden von kontinuierlichen Leistungsverbesserungen und modernster Rechentechnologie profitieren.<\/p>\t\t\t\t\t\t\t\t<\/div>\n\t\t\t\t<\/div>\n\t\t\t\t<\/div>\n\t\t<div class=\"elementor-element elementor-element-97b4934 e-con-full e-flex e-con e-child\" data-id=\"97b4934\" data-element_type=\"container\" data-e-type=\"container\">\n\t\t\t\t<div class=\"elementor-element elementor-element-3046b518 elementor-widget elementor-widget-image\" data-id=\"3046b518\" data-element_type=\"widget\" data-e-type=\"widget\" data-widget_type=\"image.default\">\n\t\t\t\t<div class=\"elementor-widget-container\">\n\t\t\t\t\t\t\t\t\t\t\t\t\t\t\t\t<a href=\"https:\/\/www.gurobi.com\/\">\n\t\t\t\t\t\t\t<img decoding=\"async\" width=\"600\" height=\"300\" src=\"https:\/\/optano.com\/wp-content\/uploads\/2025\/12\/Gurobi_600x300.png\" class=\"attachment-large size-large wp-image-11326\" alt=\"Logo Gurobi\" srcset=\"https:\/\/optano.com\/wp-content\/uploads\/2025\/12\/Gurobi_600x300.png 600w, https:\/\/optano.com\/wp-content\/uploads\/2025\/12\/Gurobi_600x300-300x150.png 300w, https:\/\/optano.com\/wp-content\/uploads\/2025\/12\/Gurobi_600x300-18x9.png 18w\" sizes=\"(max-width: 600px) 100vw, 600px\" \/>\t\t\t\t\t\t\t\t<\/a>\n\t\t\t\t\t\t\t\t\t\t\t\t\t\t\t<\/div>\n\t\t\t\t<\/div>\n\t\t\t\t<\/div>\n\t\t\t\t<\/div>\n\t\t<div class=\"elementor-element elementor-element-06974f4 e-con-full e-flex e-con e-child\" data-id=\"06974f4\" data-element_type=\"container\" data-e-type=\"container\">\n\t\t<div class=\"elementor-element elementor-element-69490f6 e-con-full e-flex e-con e-child\" data-id=\"69490f6\" data-element_type=\"container\" data-e-type=\"container\">\n\t\t\t\t<div class=\"elementor-element elementor-element-beacd3a elementor-widget elementor-widget-image\" data-id=\"beacd3a\" data-element_type=\"widget\" data-e-type=\"widget\" data-widget_type=\"image.default\">\n\t\t\t\t<div class=\"elementor-widget-container\">\n\t\t\t\t\t\t\t\t\t\t\t\t\t\t\t\t<a href=\"https:\/\/www.sicp.de\/\">\n\t\t\t\t\t\t\t<img loading=\"lazy\" decoding=\"async\" width=\"600\" height=\"300\" src=\"https:\/\/optano.com\/wp-content\/uploads\/2025\/12\/SICP_600x300.png\" class=\"attachment-large size-large wp-image-11378\" alt=\"Logo-SICP\" srcset=\"https:\/\/optano.com\/wp-content\/uploads\/2025\/12\/SICP_600x300.png 600w, https:\/\/optano.com\/wp-content\/uploads\/2025\/12\/SICP_600x300-300x150.png 300w, https:\/\/optano.com\/wp-content\/uploads\/2025\/12\/SICP_600x300-18x9.png 18w\" sizes=\"(max-width: 600px) 100vw, 600px\" \/>\t\t\t\t\t\t\t\t<\/a>\n\t\t\t\t\t\t\t\t\t\t\t\t\t\t\t<\/div>\n\t\t\t\t<\/div>\n\t\t\t\t<\/div>\n\t\t<div class=\"elementor-element elementor-element-7c0b4b5 e-con-full e-flex e-con e-child\" data-id=\"7c0b4b5\" data-element_type=\"container\" data-e-type=\"container\">\n\t\t\t\t<div class=\"elementor-element elementor-element-8f45269 elementor-widget elementor-widget-heading\" data-id=\"8f45269\" data-element_type=\"widget\" data-e-type=\"widget\" data-widget_type=\"heading.default\">\n\t\t\t\t<div class=\"elementor-widget-container\">\n\t\t\t\t\t<h2 class=\"elementor-heading-title elementor-size-default\">SICP - Software Innovation Campus Paderborn<\/h2>\t\t\t\t<\/div>\n\t\t\t\t<\/div>\n\t\t\t\t<div class=\"elementor-element elementor-element-157881c elementor-widget elementor-widget-text-editor\" data-id=\"157881c\" data-element_type=\"widget\" data-e-type=\"widget\" data-widget_type=\"text-editor.default\">\n\t\t\t\t<div class=\"elementor-widget-container\">\n\t\t\t\t\t\t\t\t\t<p>Als Forschungs- und Innovationsnetzwerk verbindet der SICP Unternehmen, Forschungseinrichtungen und Universit\u00e4ten mit dem Ziel, digitale Technologien weiterzuentwickeln. Die Zusammenarbeit mit dem SICP erm\u00f6glicht es OPTANO, fr\u00fchzeitig Zugang zu neuesten wissenschaftlichen Erkenntnissen, Methoden und KI-Technologien zu erhalten und diese in unsere Produkte zu \u00fcberf\u00fchren.<\/p>\t\t\t\t\t\t\t\t<\/div>\n\t\t\t\t<\/div>\n\t\t\t\t<\/div>\n\t\t\t\t<\/div>\n\t\t\t\t<\/div>\n\t\t","protected":false},"excerpt":{"rendered":"<p>OPTANO arbeitet mit f\u00fchrenden Technologie- und Beratungspartnern zusammen, um L\u00f6sungen f\u00fcr komplexe Herausforderungen zu entwickeln.<\/p>\n","protected":false},"author":3,"featured_media":9347,"parent":8885,"menu_order":0,"comment_status":"closed","ping_status":"closed","template":"","meta":{"_acf_changed":false,"footnotes":""},"class_list":["post-8918","page","type-page","status-publish","has-post-thumbnail","hentry"],"acf":[],"_links":{"self":[{"href":"https:\/\/optano.com\/de\/wp-json\/wp\/v2\/pages\/8918","targetHints":{"allow":["GET"]}}],"collection":[{"href":"https:\/\/optano.com\/de\/wp-json\/wp\/v2\/pages"}],"about":[{"href":"https:\/\/optano.com\/de\/wp-json\/wp\/v2\/types\/page"}],"author":[{"embeddable":true,"href":"https:\/\/optano.com\/de\/wp-json\/wp\/v2\/users\/3"}],"replies":[{"embeddable":true,"href":"https:\/\/optano.com\/de\/wp-json\/wp\/v2\/comments?post=8918"}],"version-history":[{"count":30,"href":"https:\/\/optano.com\/de\/wp-json\/wp\/v2\/pages\/8918\/revisions"}],"predecessor-version":[{"id":13016,"href":"https:\/\/optano.com\/de\/wp-json\/wp\/v2\/pages\/8918\/revisions\/13016"}],"up":[{"embeddable":true,"href":"https:\/\/optano.com\/de\/wp-json\/wp\/v2\/pages\/8885"}],"wp:featuredmedia":[{"embeddable":true,"href":"https:\/\/optano.com\/de\/wp-json\/wp\/v2\/media\/9347"}],"wp:attachment":[{"href":"https:\/\/optano.com\/de\/wp-json\/wp\/v2\/media?parent=8918"}],"curies":[{"name":"wp","href":"https:\/\/api.w.org\/{rel}","templated":true}]}}