{"id":4920,"date":"2024-08-16T10:02:44","date_gmt":"2024-08-16T08:02:44","guid":{"rendered":"https:\/\/optano-homepage.orconomy.local\/?page_id=4920"},"modified":"2026-01-27T11:43:54","modified_gmt":"2026-01-27T10:43:54","slug":"zertifikate","status":"publish","type":"page","link":"https:\/\/optano.com\/de\/ueber-uns\/zertifikate\/","title":{"rendered":"OPTANO Zertifikate \u2013 Informationen und Nachweise"},"content":{"rendered":"\t\t<div data-elementor-type=\"wp-page\" data-elementor-id=\"4920\" class=\"elementor elementor-4920\" data-elementor-post-type=\"page\">\n\t\t\t\t<div class=\"elementor-element elementor-element-4eb666e e-con-full e-flex e-con e-parent\" data-id=\"4eb666e\" data-element_type=\"container\" data-e-type=\"container\">\n\t\t<div class=\"elementor-element elementor-element-48cd236 e-con-full e-flex e-con e-child\" data-id=\"48cd236\" data-element_type=\"container\" data-e-type=\"container\">\n\t\t\t\t<div class=\"elementor-element elementor-element-6a41bad elementor-widget elementor-widget-image\" data-id=\"6a41bad\" data-element_type=\"widget\" data-e-type=\"widget\" data-widget_type=\"image.default\">\n\t\t\t\t<div class=\"elementor-widget-container\">\n\t\t\t\t\t\t\t\t\t\t\t\t\t\t\t<img fetchpriority=\"high\" decoding=\"async\" width=\"550\" height=\"550\" src=\"https:\/\/optano.com\/wp-content\/uploads\/2025\/09\/Zertifikate-OPTANO.png\" class=\"attachment-large size-large wp-image-8984\" alt=\"\" srcset=\"https:\/\/optano.com\/wp-content\/uploads\/2025\/09\/Zertifikate-OPTANO.png 550w, https:\/\/optano.com\/wp-content\/uploads\/2025\/09\/Zertifikate-OPTANO-300x300.png 300w, https:\/\/optano.com\/wp-content\/uploads\/2025\/09\/Zertifikate-OPTANO-150x150.png 150w\" sizes=\"(max-width: 550px) 100vw, 550px\" \/>\t\t\t\t\t\t\t\t\t\t\t\t\t\t\t<\/div>\n\t\t\t\t<\/div>\n\t\t\t\t<\/div>\n\t\t<div class=\"elementor-element elementor-element-0850b05 e-con-full e-flex e-con e-child\" data-id=\"0850b05\" data-element_type=\"container\" data-e-type=\"container\">\n\t\t\t\t<div class=\"elementor-element elementor-element-2e3ec89 elementor-widget elementor-widget-text-editor\" data-id=\"2e3ec89\" data-element_type=\"widget\" data-e-type=\"widget\" data-widget_type=\"text-editor.default\">\n\t\t\t\t<div class=\"elementor-widget-container\">\n\t\t\t\t\t\t\t\t\t<p>Die Themen Projektmanagement und Informationssicherheit haben f\u00fcr uns schon seit Firmengr\u00fcndung einen sehr hohen Stellenwert. Unser Ziel ist es, uns auch in diesem Bereich st\u00e4ndig zu \u00fcberpr\u00fcfen und zu verbessern. Daher haben wir uns zu diesen Themen Expertise von au\u00dferhalb geholt, um unsere Prozesse \u00fcberpr\u00fcfen und verbessern zu lassen. Schlie\u00dflich haben wir im Jahr 2023 an der Zertifizierung nach\u00a0 DIN EN ISO\/IEC 27001:2017 der Dekra und am\u00a0<a href=\"https:\/\/enx.com\/tisax\" data-auto-event-observed=\"true\">TISAX<\/a>\u00a0Assessment teilgenommen.<\/p>\t\t\t\t\t\t\t\t<\/div>\n\t\t\t\t<\/div>\n\t\t\t\t<\/div>\n\t\t\t\t<\/div>\n\t\t<div class=\"elementor-element elementor-element-4981c61 e-con-full e-flex e-con e-parent\" data-id=\"4981c61\" data-element_type=\"container\" data-e-type=\"container\">\n\t\t<div class=\"elementor-element elementor-element-a3d80db e-con-full e-flex e-con e-child\" data-id=\"a3d80db\" data-element_type=\"container\" data-e-type=\"container\">\n\t\t\t\t<div class=\"elementor-element elementor-element-56e27ce elementor-widget elementor-widget-heading\" data-id=\"56e27ce\" data-element_type=\"widget\" data-e-type=\"widget\" data-widget_type=\"heading.default\">\n\t\t\t\t<div class=\"elementor-widget-container\">\n\t\t\t\t\t<h2 class=\"elementor-heading-title elementor-size-default\">Unsere Zertifikate<\/h2>\t\t\t\t<\/div>\n\t\t\t\t<\/div>\n\t\t\t\t<\/div>\n\t\t<div class=\"elementor-element elementor-element-ff337b4 e-con-full e-flex e-con e-child\" data-id=\"ff337b4\" data-element_type=\"container\" data-e-type=\"container\" data-settings=\"{&quot;background_background&quot;:&quot;classic&quot;}\">\n\t\t\t\t<div class=\"elementor-element elementor-element-4346dc6 e-n-tabs-mobile elementor-widget elementor-widget-n-tabs\" data-id=\"4346dc6\" data-element_type=\"widget\" data-e-type=\"widget\" data-settings=\"{&quot;tabs_justify_horizontal&quot;:&quot;start&quot;,&quot;horizontal_scroll&quot;:&quot;disable&quot;}\" data-widget_type=\"nested-tabs.default\">\n\t\t\t\t<div class=\"elementor-widget-container\">\n\t\t\t\t\t\t\t<div class=\"e-n-tabs\" data-widget-number=\"70544838\" aria-label=\"Registerkarten. \u00d6ffnen Sie Elemente mit Enter oder Space, schlie\u00dfen Sie sie mit Escape und navigieren Sie mit den Pfeiltasten.\">\n\t\t\t<div class=\"e-n-tabs-heading\" role=\"tablist\">\n\t\t\t\t\t<button id=\"e-n-tab-title-705448381\" data-tab-title-id=\"e-n-tab-title-705448381\" class=\"e-n-tab-title\" aria-selected=\"true\" data-tab-index=\"1\" role=\"tab\" tabindex=\"0\" aria-controls=\"e-n-tab-content-705448381\" style=\"--n-tabs-title-order: 1;\">\n\t\t\t\t\t\t<span class=\"e-n-tab-title-text\">\n\t\t\t\tISO\/IEC 27001:2022\t\t\t<\/span>\n\t\t<\/button>\n\t\t\t\t<button id=\"e-n-tab-title-705448382\" data-tab-title-id=\"e-n-tab-title-705448382\" class=\"e-n-tab-title\" aria-selected=\"false\" data-tab-index=\"2\" role=\"tab\" tabindex=\"-1\" aria-controls=\"e-n-tab-content-705448382\" style=\"--n-tabs-title-order: 2;\">\n\t\t\t\t\t\t<span class=\"e-n-tab-title-text\">\n\t\t\t\tTISAX\t\t\t<\/span>\n\t\t<\/button>\n\t\t\t\t<button id=\"e-n-tab-title-705448383\" data-tab-title-id=\"e-n-tab-title-705448383\" class=\"e-n-tab-title\" aria-selected=\"false\" data-tab-index=\"3\" role=\"tab\" tabindex=\"-1\" aria-controls=\"e-n-tab-content-705448383\" style=\"--n-tabs-title-order: 3;\">\n\t\t\t\t\t\t<span class=\"e-n-tab-title-text\">\n\t\t\t\tSOC 2\t\t\t<\/span>\n\t\t<\/button>\n\t\t\t\t\t<\/div>\n\t\t\t<div class=\"e-n-tabs-content\">\n\t\t\t\t<div id=\"e-n-tab-content-705448381\" role=\"tabpanel\" aria-labelledby=\"e-n-tab-title-705448381\" data-tab-index=\"1\" style=\"--n-tabs-title-order: 1;\" class=\"e-active elementor-element elementor-element-9cf25a9 e-con-full e-flex e-con e-child\" data-id=\"9cf25a9\" data-element_type=\"container\" data-e-type=\"container\">\n\t\t<div class=\"elementor-element elementor-element-e073a0f e-con-full e-flex e-con e-child\" data-id=\"e073a0f\" data-element_type=\"container\" data-e-type=\"container\">\n\t\t\t\t<div class=\"elementor-element elementor-element-6b06462 elementor-widget elementor-widget-text-editor\" data-id=\"6b06462\" data-element_type=\"widget\" data-e-type=\"widget\" data-widget_type=\"text-editor.default\">\n\t\t\t\t<div class=\"elementor-widget-container\">\n\t\t\t\t\t\t\t\t\t<p>Wir freuen uns sehr mitteilen zu k\u00f6nnen, dass wir als OPTANO GmbH nach diesem Standard zertifiziert sind. In einem umfangreichen Auditverfahren wurden alle sicherheitsrelevanten IT- und Gesch\u00e4ftsprozesse von den Dekra gepr\u00fcft. Durch die (Re-)Zertifizierung wird best\u00e4tigt, dass wir die hohen Anforderungen der ISO\/IEC 27001:2022 erf\u00fcllen.<\/p>\t\t\t\t\t\t\t\t<\/div>\n\t\t\t\t<\/div>\n\t\t\t\t<\/div>\n\t\t<div class=\"elementor-element elementor-element-e7176ef e-con-full e-flex e-con e-child\" data-id=\"e7176ef\" data-element_type=\"container\" data-e-type=\"container\">\n\t\t\t\t<div class=\"elementor-element elementor-element-adfd348 elementor-widget elementor-widget-image\" data-id=\"adfd348\" data-element_type=\"widget\" data-e-type=\"widget\" data-widget_type=\"image.default\">\n\t\t\t\t<div class=\"elementor-widget-container\">\n\t\t\t\t\t\t\t\t\t\t\t\t\t\t\t<img decoding=\"async\" width=\"300\" height=\"441\" src=\"https:\/\/optano.com\/wp-content\/uploads\/2025\/11\/27001_ger_tc_p.png\" class=\"attachment-large size-large wp-image-10416\" alt=\"Logo ISO 27001\" srcset=\"https:\/\/optano.com\/wp-content\/uploads\/2025\/11\/27001_ger_tc_p.png 300w, https:\/\/optano.com\/wp-content\/uploads\/2025\/11\/27001_ger_tc_p-204x300.png 204w, https:\/\/optano.com\/wp-content\/uploads\/2025\/11\/27001_ger_tc_p-8x12.png 8w\" sizes=\"(max-width: 300px) 100vw, 300px\" \/>\t\t\t\t\t\t\t\t\t\t\t\t\t\t\t<\/div>\n\t\t\t\t<\/div>\n\t\t\t\t<\/div>\n\t\t\t\t<\/div>\n\t\t<div id=\"e-n-tab-content-705448382\" role=\"tabpanel\" aria-labelledby=\"e-n-tab-title-705448382\" data-tab-index=\"2\" style=\"--n-tabs-title-order: 2;\" class=\" elementor-element elementor-element-5f2b5a4 e-con-full e-flex e-con e-child\" data-id=\"5f2b5a4\" data-element_type=\"container\" data-e-type=\"container\">\n\t\t<div class=\"elementor-element elementor-element-55cfa4c e-con-full e-flex e-con e-child\" data-id=\"55cfa4c\" data-element_type=\"container\" data-e-type=\"container\">\n\t\t\t\t<div class=\"elementor-element elementor-element-4a03ed7 elementor-widget elementor-widget-text-editor\" data-id=\"4a03ed7\" data-element_type=\"widget\" data-e-type=\"widget\" data-widget_type=\"text-editor.default\">\n\t\t\t\t<div class=\"elementor-widget-container\">\n\t\t\t\t\t\t\t\t\t<p>TISAX und TISAX-Ergebnisse sind nicht f\u00fcr die Allgemeinheit bestimmt. Das Ergebnis unseres umfangreichen TISAX Assessments kann \u00fcber das <a href=\"https:\/\/enx.com\/en-US\/\" data-auto-event-observed=\"true\">ENX Portal<\/a> mithilfe folgender Informationen abgerufen werden: OPTANO GmbH; Assessment ID: AC52FM-2; Scope ID: <span data-olk-copy-source=\"MessageBody\">S73TF6-1<\/span>.<\/p>\t\t\t\t\t\t\t\t<\/div>\n\t\t\t\t<\/div>\n\t\t\t\t<\/div>\n\t\t<div class=\"elementor-element elementor-element-934630d e-con-full e-flex e-con e-child\" data-id=\"934630d\" data-element_type=\"container\" data-e-type=\"container\">\n\t\t\t\t<div class=\"elementor-element elementor-element-886ab67 elementor-widget elementor-widget-image\" data-id=\"886ab67\" data-element_type=\"widget\" data-e-type=\"widget\" data-widget_type=\"image.default\">\n\t\t\t\t<div class=\"elementor-widget-container\">\n\t\t\t\t\t\t\t\t\t\t\t\t\t\t\t<img decoding=\"async\" width=\"800\" height=\"508\" src=\"https:\/\/optano.com\/wp-content\/uploads\/2025\/11\/TISAX-Result-ohne-Verlauf-1024x650-1.jpg\" class=\"attachment-large size-large wp-image-10417\" alt=\"Logo Tisax\" srcset=\"https:\/\/optano.com\/wp-content\/uploads\/2025\/11\/TISAX-Result-ohne-Verlauf-1024x650-1.jpg 1024w, https:\/\/optano.com\/wp-content\/uploads\/2025\/11\/TISAX-Result-ohne-Verlauf-1024x650-1-300x190.jpg 300w, https:\/\/optano.com\/wp-content\/uploads\/2025\/11\/TISAX-Result-ohne-Verlauf-1024x650-1-768x488.jpg 768w, https:\/\/optano.com\/wp-content\/uploads\/2025\/11\/TISAX-Result-ohne-Verlauf-1024x650-1-18x12.jpg 18w\" sizes=\"(max-width: 800px) 100vw, 800px\" \/>\t\t\t\t\t\t\t\t\t\t\t\t\t\t\t<\/div>\n\t\t\t\t<\/div>\n\t\t\t\t<\/div>\n\t\t\t\t<\/div>\n\t\t<div id=\"e-n-tab-content-705448383\" role=\"tabpanel\" aria-labelledby=\"e-n-tab-title-705448383\" data-tab-index=\"3\" style=\"--n-tabs-title-order: 3;\" class=\" elementor-element elementor-element-05ca448 e-con-full e-flex e-con e-child\" data-id=\"05ca448\" data-element_type=\"container\" data-e-type=\"container\">\n\t\t<div class=\"elementor-element elementor-element-70a4275 e-con-full e-flex e-con e-child\" data-id=\"70a4275\" data-element_type=\"container\" data-e-type=\"container\">\n\t\t\t\t<div class=\"elementor-element elementor-element-28b9cab elementor-widget elementor-widget-text-editor\" data-id=\"28b9cab\" data-element_type=\"widget\" data-e-type=\"widget\" data-widget_type=\"text-editor.default\">\n\t\t\t\t<div class=\"elementor-widget-container\">\n\t\t\t\t\t\t\t\t\t<p class=\"x_MsoNormal\"><i><span class=\"markaoi7zfovk\" data-markjs=\"true\" data-ogac=\"\" data-ogab=\"\" data-ogsc=\"\" data-ogsb=\"\">SOC<\/span>\u00a02 (\u201eSystem and Organization Controls 2\u201c) ist ein international anerkannter Standard, der die Sicherheits-, Verf\u00fcgbarkeits-, Verarbeitungsintegrit\u00e4ts-, Vertraulichkeits- und Datenschutzkontrollen von Dienstleistungsorganisationen bewertet.<\/i><\/p><p class=\"x_MsoNormal\">OPTANO schloss im Dezember 2024 seine vierte j\u00e4hrliche SOC 2 Type II\u00ae-Pr\u00fcfung ab, gefolgt von einem zus\u00e4tzlichen HIPAA-konformen SOC 2 Type II-Bericht im Februar 2025.<\/p>\t\t\t\t\t\t\t\t<\/div>\n\t\t\t\t<\/div>\n\t\t\t\t<\/div>\n\t\t<div class=\"elementor-element elementor-element-f5cbd55 e-con-full e-flex e-con e-child\" data-id=\"f5cbd55\" data-element_type=\"container\" data-e-type=\"container\">\n\t\t\t\t<div class=\"elementor-element elementor-element-0af115a elementor-widget elementor-widget-image\" data-id=\"0af115a\" data-element_type=\"widget\" data-e-type=\"widget\" data-widget_type=\"image.default\">\n\t\t\t\t<div class=\"elementor-widget-container\">\n\t\t\t\t\t\t\t\t\t\t\t\t\t\t\t<img loading=\"lazy\" decoding=\"async\" width=\"297\" height=\"297\" src=\"https:\/\/optano.com\/wp-content\/uploads\/2025\/11\/27001_ger_tc_p22.png\" class=\"attachment-large size-large wp-image-10442\" alt=\"Logo AICPA\" srcset=\"https:\/\/optano.com\/wp-content\/uploads\/2025\/11\/27001_ger_tc_p22.png 297w, https:\/\/optano.com\/wp-content\/uploads\/2025\/11\/27001_ger_tc_p22-150x150.png 150w, https:\/\/optano.com\/wp-content\/uploads\/2025\/11\/27001_ger_tc_p22-12x12.png 12w\" sizes=\"(max-width: 297px) 100vw, 297px\" \/>\t\t\t\t\t\t\t\t\t\t\t\t\t\t\t<\/div>\n\t\t\t\t<\/div>\n\t\t\t\t<\/div>\n\t\t\t\t<\/div>\n\t\t\t\t\t<\/div>\n\t\t<\/div>\n\t\t\t\t\t\t<\/div>\n\t\t\t\t<\/div>\n\t\t\t\t<\/div>\n\t\t<div class=\"elementor-element elementor-element-9bcd587 e-con-full e-flex e-con e-child\" data-id=\"9bcd587\" data-element_type=\"container\" data-e-type=\"container\" data-settings=\"{&quot;background_background&quot;:&quot;classic&quot;}\">\n\t\t\t\t<div class=\"elementor-element elementor-element-94eb84b elementor-widget elementor-widget-text-editor\" data-id=\"94eb84b\" data-element_type=\"widget\" data-e-type=\"widget\" data-widget_type=\"text-editor.default\">\n\t\t\t\t<div class=\"elementor-widget-container\">\n\t\t\t\t\t\t\t\t\t<p>F\u00fcr weitere Informationen und Details oder bei Fragen zu den Zertifizierungen, kontaktieren Sie gerne unseren Informationssicherheitsbeauftragten Henning Burges per <a href=\"mailto:informationsecurityofficer@optano.com\" data-auto-event-observed=\"true\">E-Mail<\/a> oder <a href=\"tel:004952516822058\" data-auto-event-observed=\"true\">telefonisch<\/a>.<\/p>\t\t\t\t\t\t\t\t<\/div>\n\t\t\t\t<\/div>\n\t\t\t\t<\/div>\n\t\t\t\t<\/div>\n\t\t\t\t<\/div>\n\t\t","protected":false},"excerpt":{"rendered":"<p>Aktuelle Zertifikate und weitere Informationen von OPTANO f\u00fcr Ihre Dokumentation, Ausschreibung oder interne Pr\u00fcfung<\/p>\n","protected":false},"author":3,"featured_media":9346,"parent":8885,"menu_order":0,"comment_status":"closed","ping_status":"closed","template":"","meta":{"_acf_changed":false,"footnotes":""},"class_list":["post-4920","page","type-page","status-publish","has-post-thumbnail","hentry"],"acf":[],"_links":{"self":[{"href":"https:\/\/optano.com\/de\/wp-json\/wp\/v2\/pages\/4920","targetHints":{"allow":["GET"]}}],"collection":[{"href":"https:\/\/optano.com\/de\/wp-json\/wp\/v2\/pages"}],"about":[{"href":"https:\/\/optano.com\/de\/wp-json\/wp\/v2\/types\/page"}],"author":[{"embeddable":true,"href":"https:\/\/optano.com\/de\/wp-json\/wp\/v2\/users\/3"}],"replies":[{"embeddable":true,"href":"https:\/\/optano.com\/de\/wp-json\/wp\/v2\/comments?post=4920"}],"version-history":[{"count":60,"href":"https:\/\/optano.com\/de\/wp-json\/wp\/v2\/pages\/4920\/revisions"}],"predecessor-version":[{"id":13048,"href":"https:\/\/optano.com\/de\/wp-json\/wp\/v2\/pages\/4920\/revisions\/13048"}],"up":[{"embeddable":true,"href":"https:\/\/optano.com\/de\/wp-json\/wp\/v2\/pages\/8885"}],"wp:featuredmedia":[{"embeddable":true,"href":"https:\/\/optano.com\/de\/wp-json\/wp\/v2\/media\/9346"}],"wp:attachment":[{"href":"https:\/\/optano.com\/de\/wp-json\/wp\/v2\/media?parent=4920"}],"curies":[{"name":"wp","href":"https:\/\/api.w.org\/{rel}","templated":true}]}}