{"id":459,"date":"2024-04-05T08:33:20","date_gmt":"2024-04-05T06:33:20","guid":{"rendered":"https:\/\/optano-homepage.orconomy.local\/?page_id=459"},"modified":"2026-01-14T08:32:05","modified_gmt":"2026-01-14T07:32:05","slug":"solver","status":"publish","type":"page","link":"https:\/\/optano.com\/de\/media\/technologie\/solver\/","title":{"rendered":"Solver bei OPTANO \u2013 Komplexe Planungsprobleme effizient l\u00f6sen"},"content":{"rendered":"\t\t<div data-elementor-type=\"wp-page\" data-elementor-id=\"459\" class=\"elementor elementor-459\" data-elementor-post-type=\"page\">\n\t\t\t\t<div class=\"elementor-element elementor-element-53e2cfc e-con-full e-flex e-con e-parent\" data-id=\"53e2cfc\" data-element_type=\"container\" data-e-type=\"container\">\n\t\t<div class=\"elementor-element elementor-element-2da6f6d e-con-full e-flex e-con e-child\" data-id=\"2da6f6d\" data-element_type=\"container\" data-e-type=\"container\">\n\t\t\t\t<div class=\"elementor-element elementor-element-3f93da8 elementor-widget elementor-widget-image\" data-id=\"3f93da8\" data-element_type=\"widget\" data-e-type=\"widget\" data-widget_type=\"image.default\">\n\t\t\t\t<div class=\"elementor-widget-container\">\n\t\t\t\t\t\t\t\t\t\t\t\t\t\t\t<img fetchpriority=\"high\" decoding=\"async\" width=\"550\" height=\"550\" src=\"https:\/\/optano.com\/wp-content\/uploads\/2025\/12\/Solver-Technologie-OPTANO.png\" class=\"attachment-large size-large wp-image-11105\" alt=\"\" srcset=\"https:\/\/optano.com\/wp-content\/uploads\/2025\/12\/Solver-Technologie-OPTANO.png 550w, https:\/\/optano.com\/wp-content\/uploads\/2025\/12\/Solver-Technologie-OPTANO-300x300.png 300w, https:\/\/optano.com\/wp-content\/uploads\/2025\/12\/Solver-Technologie-OPTANO-150x150.png 150w, https:\/\/optano.com\/wp-content\/uploads\/2025\/12\/Solver-Technologie-OPTANO-12x12.png 12w\" sizes=\"(max-width: 550px) 100vw, 550px\" \/>\t\t\t\t\t\t\t\t\t\t\t\t\t\t\t<\/div>\n\t\t\t\t<\/div>\n\t\t\t\t<\/div>\n\t\t<div class=\"elementor-element elementor-element-f9fcdfd e-con-full e-flex e-con e-child\" data-id=\"f9fcdfd\" data-element_type=\"container\" data-e-type=\"container\">\n\t\t\t\t<div class=\"elementor-element elementor-element-ba634cf elementor-widget elementor-widget-text-editor\" data-id=\"ba634cf\" data-element_type=\"widget\" data-e-type=\"widget\" data-widget_type=\"text-editor.default\">\n\t\t\t\t<div class=\"elementor-widget-container\">\n\t\t\t\t\t\t\t\t\t<p>OPTANO nutzt moderne, hochperformante mathematische Solver, um selbst komplexeste Optimierungsprobleme schnell und zuverl\u00e4ssig zu l\u00f6sen. Solver erm\u00f6glichen es uns, Millionen von Entscheidungsvariablen in Sekunden zu verarbeiten und so pr\u00e4zise, datengetriebene Empfehlungen f\u00fcr Planung und Entscheidungsfindung zu liefern.<\/p><p>Durch den Einsatz f\u00fchrender Technologien wie MIP-, LP- und CP-Solvern erzielen wir optimale Ergebnisse bei Produktionsplanung, Supply Chain Management, Netzwerkoptimierung und vielen weiteren Anwendungsf\u00e4llen.\u00a0<\/p><p>Das bedeutet f\u00fcr unsere Kunden: h\u00f6here Effizienz, niedrigere Kosten und smartere Entscheidungen \u2013 basierend auf mathematischer Exzellenz statt Bauchgef\u00fchl.<\/p>\t\t\t\t\t\t\t\t<\/div>\n\t\t\t\t<\/div>\n\t\t\t\t<\/div>\n\t\t\t\t<\/div>\n\t\t<div class=\"elementor-element elementor-element-6222aea4 e-con-full e-flex e-con e-child\" data-id=\"6222aea4\" data-element_type=\"container\" data-e-type=\"container\">\n\t\t<div class=\"elementor-element elementor-element-1bc7f175 e-con-full e-flex e-con e-child\" data-id=\"1bc7f175\" data-element_type=\"container\" data-e-type=\"container\">\n\t\t\t\t<div class=\"elementor-element elementor-element-61ab4b40 elementor-widget elementor-widget-heading\" data-id=\"61ab4b40\" data-element_type=\"widget\" data-e-type=\"widget\" data-widget_type=\"heading.default\">\n\t\t\t\t<div class=\"elementor-widget-container\">\n\t\t\t\t\t<h2 class=\"elementor-heading-title elementor-size-default\">Solver-Power f\u00fcr intelligente Planung<\/h2>\t\t\t\t<\/div>\n\t\t\t\t<\/div>\n\t\t\t\t<div class=\"elementor-element elementor-element-439f0e77 elementor-widget elementor-widget-heading\" data-id=\"439f0e77\" data-element_type=\"widget\" data-e-type=\"widget\" data-widget_type=\"heading.default\">\n\t\t\t\t<div class=\"elementor-widget-container\">\n\t\t\t\t\t<h3 class=\"elementor-heading-title elementor-size-default\">Solver-Technologie als unsichtbare Intelligenz hinter jeder optimalen L\u00f6sung\u200b<\/h3>\t\t\t\t<\/div>\n\t\t\t\t<\/div>\n\t\t\t\t<div class=\"elementor-element elementor-element-5ea066e8 elementor-widget elementor-widget-text-editor\" data-id=\"5ea066e8\" data-element_type=\"widget\" data-e-type=\"widget\" data-widget_type=\"text-editor.default\">\n\t\t\t\t<div class=\"elementor-widget-container\">\n\t\t\t\t\t\t\t\t\t<p>Bei OPTANO setzen wir leistungsstarke Solver ein, um komplexe Planungsprobleme effizient und pr\u00e4zise zu l\u00f6sen. Unsere Software nutzt Methoden der mathematischen Optimierung, um tausende What-if-Szenarien in Sekundenschnelle zu analysieren und daraus fundierte Handlungsempfehlungen abzuleiten. So unterst\u00fctzen wir Unternehmen dabei, ihre Ziele \u2013 ob Kostenreduktion, Resilienzsteigerung oder Kapazit\u00e4tsoptimierung \u2013 optimal miteinander in Einklang zu bringen. Solver sind dabei das Herzst\u00fcck unserer Technologie: Sie erm\u00f6glichen es, selbst widerspr\u00fcchliche Anforderungen intelligent zu balancieren und die beste L\u00f6sung f\u00fcr Ihre individuelle Herausforderung zu finden. So k\u00f6nnen Sie sich auf das konzentrieren, was z\u00e4hlt: strategische Entscheidungen mit echtem Mehrwert.<\/p>\t\t\t\t\t\t\t\t<\/div>\n\t\t\t\t<\/div>\n\t\t\t\t<\/div>\n\t\t<div class=\"elementor-element elementor-element-2c725c54 e-con-full elementor-hidden-tablet elementor-hidden-mobile e-flex e-con e-child\" data-id=\"2c725c54\" data-element_type=\"container\" data-e-type=\"container\">\n\t\t\t\t<div class=\"elementor-element elementor-element-346b5721 elementor-widget elementor-widget-image\" data-id=\"346b5721\" data-element_type=\"widget\" data-e-type=\"widget\" data-widget_type=\"image.default\">\n\t\t\t\t<div class=\"elementor-widget-container\">\n\t\t\t\t\t\t\t\t\t\t\t\t\t\t\t<img decoding=\"async\" width=\"300\" height=\"300\" src=\"https:\/\/optano.com\/wp-content\/uploads\/2025\/12\/Solver-Szenarien-OPTANO.png\" class=\"attachment-large size-large wp-image-11107\" alt=\"\" srcset=\"https:\/\/optano.com\/wp-content\/uploads\/2025\/12\/Solver-Szenarien-OPTANO.png 300w, https:\/\/optano.com\/wp-content\/uploads\/2025\/12\/Solver-Szenarien-OPTANO-150x150.png 150w, https:\/\/optano.com\/wp-content\/uploads\/2025\/12\/Solver-Szenarien-OPTANO-12x12.png 12w\" sizes=\"(max-width: 300px) 100vw, 300px\" \/>\t\t\t\t\t\t\t\t\t\t\t\t\t\t\t<\/div>\n\t\t\t\t<\/div>\n\t\t\t\t<\/div>\n\t\t\t\t<\/div>\n\t\t<div class=\"elementor-element elementor-element-3afee0c8 e-con-full e-flex e-con e-child\" data-id=\"3afee0c8\" data-element_type=\"container\" data-e-type=\"container\">\n\t\t<div class=\"elementor-element elementor-element-70d78407 e-con-full e-flex e-con e-child\" data-id=\"70d78407\" data-element_type=\"container\" data-e-type=\"container\">\n\t\t\t\t<div class=\"elementor-element elementor-element-50b50122 elementor-widget elementor-widget-heading\" data-id=\"50b50122\" data-element_type=\"widget\" data-e-type=\"widget\" data-widget_type=\"heading.default\">\n\t\t\t\t<div class=\"elementor-widget-container\">\n\t\t\t\t\t<h2 class=\"elementor-heading-title elementor-size-default\">Flexibilit\u00e4t bei der Solverwahl \u2013 freie und lizenzbasierte Optionen<\/h2>\t\t\t\t<\/div>\n\t\t\t\t<\/div>\n\t\t\t\t<div class=\"elementor-element elementor-element-6d1a81a5 elementor-widget elementor-widget-heading\" data-id=\"6d1a81a5\" data-element_type=\"widget\" data-e-type=\"widget\" data-widget_type=\"heading.default\">\n\t\t\t\t<div class=\"elementor-widget-container\">\n\t\t\t\t\t<h3 class=\"elementor-heading-title elementor-size-default\">F\u00fcr jeden Anwendungsfall den richtigen Solver<\/h3>\t\t\t\t<\/div>\n\t\t\t\t<\/div>\n\t\t\t\t<div class=\"elementor-element elementor-element-4eae1ec1 elementor-widget elementor-widget-text-editor\" data-id=\"4eae1ec1\" data-element_type=\"widget\" data-e-type=\"widget\" data-widget_type=\"text-editor.default\">\n\t\t\t\t<div class=\"elementor-widget-container\">\n\t\t\t\t\t\t\t\t\t<p>OPTANO bietet maximale Flexibilit\u00e4t bei der Auswahl der eingesetzten Solver. Je nach Projektanforderung und Lizenzstrategie kommen sowohl <strong>freie Open-Source-Solver<\/strong> wie <strong>CBC<\/strong> oder <strong>GLPK<\/strong> als auch <strong>lizenzbasierte Hochleistungs-Solver<\/strong> wie <strong>Gurobi<\/strong> oder <strong>CPLEX<\/strong> zum Einsatz. Die Entscheidung f\u00fcr einen bestimmten Solver erfolgt dabei stets unter Ber\u00fccksichtigung von Performance, Skalierbarkeit und Lizenzbedingungen. Dank unserer modularen Architektur lassen sich verschiedene Solver nahtlos integrieren und bei Bedarf austauschen \u2013 ohne dass die Modelllogik angepasst werden muss. So stellen wir sicher, dass unsere Kunden stets die optimale L\u00f6sung erhalten \u2013 technisch wie wirtschaftlich.<\/p>\t\t\t\t\t\t\t\t<\/div>\n\t\t\t\t<\/div>\n\t\t\t\t<\/div>\n\t\t<div class=\"elementor-element elementor-element-180f7f28 e-con-full elementor-hidden-tablet elementor-hidden-mobile e-flex e-con e-child\" data-id=\"180f7f28\" data-element_type=\"container\" data-e-type=\"container\">\n\t\t\t\t<div class=\"elementor-element elementor-element-6c14086f elementor-widget elementor-widget-image\" data-id=\"6c14086f\" data-element_type=\"widget\" data-e-type=\"widget\" data-widget_type=\"image.default\">\n\t\t\t\t<div class=\"elementor-widget-container\">\n\t\t\t\t\t\t\t\t\t\t\t\t\t\t\t<img decoding=\"async\" width=\"300\" height=\"300\" src=\"https:\/\/optano.com\/wp-content\/uploads\/2025\/12\/Solver-freie-Wahl-OPTANO.png\" class=\"attachment-large size-large wp-image-11108\" alt=\"\" srcset=\"https:\/\/optano.com\/wp-content\/uploads\/2025\/12\/Solver-freie-Wahl-OPTANO.png 300w, https:\/\/optano.com\/wp-content\/uploads\/2025\/12\/Solver-freie-Wahl-OPTANO-150x150.png 150w, https:\/\/optano.com\/wp-content\/uploads\/2025\/12\/Solver-freie-Wahl-OPTANO-12x12.png 12w\" sizes=\"(max-width: 300px) 100vw, 300px\" \/>\t\t\t\t\t\t\t\t\t\t\t\t\t\t\t<\/div>\n\t\t\t\t<\/div>\n\t\t\t\t<\/div>\n\t\t\t\t<\/div>\n\t\t\t\t<\/div>\n\t\t","protected":false},"excerpt":{"rendered":"<p>Mit leistungsstarken Solver-Engines und OPTANO \u2013 f\u00fcr optimale Entscheidungen dank mathematischer Optimierung und maximaler Flexibilit\u00e4t<\/p>\n","protected":false},"author":3,"featured_media":9425,"parent":349,"menu_order":0,"comment_status":"closed","ping_status":"closed","template":"","meta":{"_acf_changed":false,"footnotes":""},"class_list":["post-459","page","type-page","status-publish","has-post-thumbnail","hentry"],"acf":[],"_links":{"self":[{"href":"https:\/\/optano.com\/de\/wp-json\/wp\/v2\/pages\/459","targetHints":{"allow":["GET"]}}],"collection":[{"href":"https:\/\/optano.com\/de\/wp-json\/wp\/v2\/pages"}],"about":[{"href":"https:\/\/optano.com\/de\/wp-json\/wp\/v2\/types\/page"}],"author":[{"embeddable":true,"href":"https:\/\/optano.com\/de\/wp-json\/wp\/v2\/users\/3"}],"replies":[{"embeddable":true,"href":"https:\/\/optano.com\/de\/wp-json\/wp\/v2\/comments?post=459"}],"version-history":[{"count":9,"href":"https:\/\/optano.com\/de\/wp-json\/wp\/v2\/pages\/459\/revisions"}],"predecessor-version":[{"id":14279,"href":"https:\/\/optano.com\/de\/wp-json\/wp\/v2\/pages\/459\/revisions\/14279"}],"up":[{"embeddable":true,"href":"https:\/\/optano.com\/de\/wp-json\/wp\/v2\/pages\/349"}],"wp:featuredmedia":[{"embeddable":true,"href":"https:\/\/optano.com\/de\/wp-json\/wp\/v2\/media\/9425"}],"wp:attachment":[{"href":"https:\/\/optano.com\/de\/wp-json\/wp\/v2\/media?parent=459"}],"curies":[{"name":"wp","href":"https:\/\/api.w.org\/{rel}","templated":true}]}}