{"id":453,"date":"2024-04-05T08:32:46","date_gmt":"2024-04-05T06:32:46","guid":{"rendered":"https:\/\/optano-homepage.orconomy.local\/?page_id=453"},"modified":"2025-11-24T13:59:21","modified_gmt":"2025-11-24T12:59:21","slug":"ki-maschinelles-lernen","status":"publish","type":"page","link":"https:\/\/optano.com\/de\/media\/technologie\/ki-maschinelles-lernen\/","title":{"rendered":"KI &amp; Maschinelles Lernen mit OPTANO \u2013 Daten intelligent nutzen"},"content":{"rendered":"\t\t<div data-elementor-type=\"wp-page\" data-elementor-id=\"453\" class=\"elementor elementor-453\" data-elementor-post-type=\"page\">\n\t\t\t\t<div class=\"elementor-element elementor-element-79716a9 e-con-full e-flex e-con e-parent\" data-id=\"79716a9\" data-element_type=\"container\" data-e-type=\"container\">\n\t\t<div class=\"elementor-element elementor-element-189e176 e-con-full e-flex e-con e-child\" data-id=\"189e176\" data-element_type=\"container\" data-e-type=\"container\">\n\t\t\t\t<div class=\"elementor-element elementor-element-315ba0a elementor-widget elementor-widget-image\" data-id=\"315ba0a\" data-element_type=\"widget\" data-e-type=\"widget\" data-widget_type=\"image.default\">\n\t\t\t\t<div class=\"elementor-widget-container\">\n\t\t\t\t\t\t\t\t\t\t\t\t\t\t\t<img fetchpriority=\"high\" decoding=\"async\" width=\"550\" height=\"550\" src=\"https:\/\/optano.com\/wp-content\/uploads\/2025\/09\/KI-maschinelles-lernen-OPTANO.png\" class=\"attachment-large size-large wp-image-9061\" alt=\"\" srcset=\"https:\/\/optano.com\/wp-content\/uploads\/2025\/09\/KI-maschinelles-lernen-OPTANO.png 550w, https:\/\/optano.com\/wp-content\/uploads\/2025\/09\/KI-maschinelles-lernen-OPTANO-300x300.png 300w, https:\/\/optano.com\/wp-content\/uploads\/2025\/09\/KI-maschinelles-lernen-OPTANO-150x150.png 150w\" sizes=\"(max-width: 550px) 100vw, 550px\" \/>\t\t\t\t\t\t\t\t\t\t\t\t\t\t\t<\/div>\n\t\t\t\t<\/div>\n\t\t\t\t<\/div>\n\t\t<div class=\"elementor-element elementor-element-8e5eb14 e-con-full e-flex e-con e-child\" data-id=\"8e5eb14\" data-element_type=\"container\" data-e-type=\"container\">\n\t\t\t\t<div class=\"elementor-element elementor-element-82d1347 elementor-widget elementor-widget-text-editor\" data-id=\"82d1347\" data-element_type=\"widget\" data-e-type=\"widget\" data-widget_type=\"text-editor.default\">\n\t\t\t\t<div class=\"elementor-widget-container\">\n\t\t\t\t\t\t\t\t\t<p>K\u00fcnstliche Intelligenz (KI) und maschinelles Lernen (ML) sind l\u00e4ngst keine Zukunftsvision mehr \u2013 sie sind heute zentrale Werkzeuge f\u00fcr Unternehmen, die ihre Planung datenbasiert, flexibel und effizient gestalten wollen. In Zeiten zunehmender Komplexit\u00e4t und dynamischer Marktanforderungen erm\u00f6glichen diese Technologien eine neue Qualit\u00e4t der Entscheidungsfindung. Sie helfen dabei, gro\u00dfe Datenmengen zu analysieren, Muster zu erkennen und Prognosen zu erstellen, die weit \u00fcber klassische Methoden hinausgehen.<\/p>\t\t\t\t\t\t\t\t<\/div>\n\t\t\t\t<\/div>\n\t\t\t\t<\/div>\n\t\t\t\t<\/div>\n\t\t<div class=\"elementor-element elementor-element-6ff4d6b e-con-full e-flex e-con e-child\" data-id=\"6ff4d6b\" data-element_type=\"container\" data-e-type=\"container\">\n\t\t<div class=\"elementor-element elementor-element-a9472ae e-con-full e-flex e-con e-child\" data-id=\"a9472ae\" data-element_type=\"container\" data-e-type=\"container\">\n\t\t\t\t<div class=\"elementor-element elementor-element-76925b6 elementor-widget elementor-widget-heading\" data-id=\"76925b6\" data-element_type=\"widget\" data-e-type=\"widget\" data-widget_type=\"heading.default\">\n\t\t\t\t<div class=\"elementor-widget-container\">\n\t\t\t\t\t<h2 class=\"elementor-heading-title elementor-size-default\">Was ist maschinelles Lernen \u2013 und warum ist es relevant f\u00fcr die Planung?<\/h2>\t\t\t\t<\/div>\n\t\t\t\t<\/div>\n\t\t\t\t<div class=\"elementor-element elementor-element-5087c51 elementor-widget elementor-widget-heading\" data-id=\"5087c51\" data-element_type=\"widget\" data-e-type=\"widget\" data-widget_type=\"heading.default\">\n\t\t\t\t<div class=\"elementor-widget-container\">\n\t\t\t\t\t<h3 class=\"elementor-heading-title elementor-size-default\">Von Daten zu Erkenntnissen: Wie Algorithmen Muster erkennen und Prognosen erm\u00f6glichen <\/h3>\t\t\t\t<\/div>\n\t\t\t\t<\/div>\n\t\t\t\t<div class=\"elementor-element elementor-element-54fef2e elementor-widget elementor-widget-text-editor\" data-id=\"54fef2e\" data-element_type=\"widget\" data-e-type=\"widget\" data-widget_type=\"text-editor.default\">\n\t\t\t\t<div class=\"elementor-widget-container\">\n\t\t\t\t\t\t\t\t\t<p>Maschinelles Lernen (ML) ist ein Teilbereich der K\u00fcnstlichen Intelligenz (KI), bei dem Systeme aus historischen Daten lernen, um zuk\u00fcnftige Entwicklungen vorherzusagen oder Entscheidungen gezielt zu verbessern. In der Unternehmensplanung bedeutet das: pr\u00e4zisere Prognosen, schnellere Reaktionen auf Ver\u00e4nderungen und eine h\u00f6here Anpassungsf\u00e4higkeit an dynamische Rahmenbedingungen.<\/p><p>OPTANO integriert ML-Modelle, die kontinuierlich dazulernen und sich flexibel an neue Anforderungen anpassen. Dadurch entsteht eine Planung, die nicht nur auf Vergangenem basiert, sondern aktiv mitdenkt und sich weiterentwickelt. So k\u00f6nnen Unternehmen komplexe Zusammenh\u00e4nge besser erfassen, Risiken fr\u00fchzeitig erkennen und ihre Ressourcen effizienter einsetzen \u2013 f\u00fcr eine Planung, die nicht nur reagiert, sondern vorausschauend agiert.<\/p>\t\t\t\t\t\t\t\t<\/div>\n\t\t\t\t<\/div>\n\t\t\t\t<\/div>\n\t\t<div class=\"elementor-element elementor-element-ea31fbd e-con-full elementor-hidden-tablet elementor-hidden-mobile e-flex e-con e-child\" data-id=\"ea31fbd\" data-element_type=\"container\" data-e-type=\"container\">\n\t\t\t\t<div class=\"elementor-element elementor-element-78fb818 elementor-widget elementor-widget-image\" data-id=\"78fb818\" data-element_type=\"widget\" data-e-type=\"widget\" data-widget_type=\"image.default\">\n\t\t\t\t<div class=\"elementor-widget-container\">\n\t\t\t\t\t\t\t\t\t\t\t\t\t\t\t<img decoding=\"async\" width=\"300\" height=\"300\" src=\"https:\/\/optano.com\/wp-content\/uploads\/2025\/09\/Machinelles-Lernen-OPTANO.png\" class=\"attachment-large size-large wp-image-9057\" alt=\"\" srcset=\"https:\/\/optano.com\/wp-content\/uploads\/2025\/09\/Machinelles-Lernen-OPTANO.png 300w, https:\/\/optano.com\/wp-content\/uploads\/2025\/09\/Machinelles-Lernen-OPTANO-150x150.png 150w\" sizes=\"(max-width: 300px) 100vw, 300px\" \/>\t\t\t\t\t\t\t\t\t\t\t\t\t\t\t<\/div>\n\t\t\t\t<\/div>\n\t\t\t\t<\/div>\n\t\t\t\t<\/div>\n\t\t<div class=\"elementor-element elementor-element-90175af e-con-full e-flex e-con e-child\" data-id=\"90175af\" data-element_type=\"container\" data-e-type=\"container\">\n\t\t<div class=\"elementor-element elementor-element-74bb6ee e-con-full elementor-hidden-tablet elementor-hidden-mobile e-flex e-con e-child\" data-id=\"74bb6ee\" data-element_type=\"container\" data-e-type=\"container\">\n\t\t\t\t<div class=\"elementor-element elementor-element-dcfa247 elementor-widget elementor-widget-image\" data-id=\"dcfa247\" data-element_type=\"widget\" data-e-type=\"widget\" data-widget_type=\"image.default\">\n\t\t\t\t<div class=\"elementor-widget-container\">\n\t\t\t\t\t\t\t\t\t\t\t\t\t\t\t<img decoding=\"async\" width=\"300\" height=\"300\" src=\"https:\/\/optano.com\/wp-content\/uploads\/2025\/09\/Kuenstliche-Intelligenz-OPTANO.png\" class=\"attachment-large size-large wp-image-9062\" alt=\"\" srcset=\"https:\/\/optano.com\/wp-content\/uploads\/2025\/09\/Kuenstliche-Intelligenz-OPTANO.png 300w, https:\/\/optano.com\/wp-content\/uploads\/2025\/09\/Kuenstliche-Intelligenz-OPTANO-150x150.png 150w\" sizes=\"(max-width: 300px) 100vw, 300px\" \/>\t\t\t\t\t\t\t\t\t\t\t\t\t\t\t<\/div>\n\t\t\t\t<\/div>\n\t\t\t\t<\/div>\n\t\t<div class=\"elementor-element elementor-element-680b3f8 e-con-full e-flex e-con e-child\" data-id=\"680b3f8\" data-element_type=\"container\" data-e-type=\"container\">\n\t\t\t\t<div class=\"elementor-element elementor-element-473101e elementor-widget elementor-widget-heading\" data-id=\"473101e\" data-element_type=\"widget\" data-e-type=\"widget\" data-widget_type=\"heading.default\">\n\t\t\t\t<div class=\"elementor-widget-container\">\n\t\t\t\t\t<h2 class=\"elementor-heading-title elementor-size-default\">KI-gest\u00fctzte Optimierung: Mehr als nur Automatisierung<\/h2>\t\t\t\t<\/div>\n\t\t\t\t<\/div>\n\t\t\t\t<div class=\"elementor-element elementor-element-07e3925 elementor-widget elementor-widget-heading\" data-id=\"07e3925\" data-element_type=\"widget\" data-e-type=\"widget\" data-widget_type=\"heading.default\">\n\t\t\t\t<div class=\"elementor-widget-container\">\n\t\t\t\t\t<h3 class=\"elementor-heading-title elementor-size-default\">Intelligente Entscheidungsunterst\u00fctzung f\u00fcr komplexe Herausforderungen <\/h3>\t\t\t\t<\/div>\n\t\t\t\t<\/div>\n\t\t\t\t<div class=\"elementor-element elementor-element-bf6dcdf elementor-widget elementor-widget-text-editor\" data-id=\"bf6dcdf\" data-element_type=\"widget\" data-e-type=\"widget\" data-widget_type=\"text-editor.default\">\n\t\t\t\t<div class=\"elementor-widget-container\">\n\t\t\t\t\t\t\t\t\t<p>K\u00fcnstliche Intelligenz (KI) kann nicht nur Prozesse automatisieren, sondern auch aktiv zur Entscheidungsfindung beitragen. Besonders in komplexen Planungsszenarien liefert sie wertvolle Unterst\u00fctzung, indem sie Daten analysiert, Muster erkennt und Handlungsempfehlungen ableitet. Die Kombination von Machine Learning und mathematischer Optimierung er\u00f6ffnet dabei neue M\u00f6glichkeiten, um nicht nur effizient, sondern auch strategisch sinnvoll zu planen.<\/p><p>OPTANO setzt gezielt auf diese Synergie, um etwa Produktionspl\u00e4ne, Lieferketten oder Personalressourcen optimal zu gestalten. Die L\u00f6sungen sind individuell anpassbar, skalierbar und zukunftssicher \u2013 und erm\u00f6glichen Unternehmen, schneller auf Ver\u00e4nderungen zu reagieren, Engp\u00e4sse zu vermeiden und ihre Ressourcen bestm\u00f6glich einzusetzen.<\/p>\t\t\t\t\t\t\t\t<\/div>\n\t\t\t\t<\/div>\n\t\t\t\t<\/div>\n\t\t\t\t<\/div>\n\t\t<div class=\"elementor-element elementor-element-0641ec9 e-con-full e-flex e-con e-child\" data-id=\"0641ec9\" data-element_type=\"container\" data-e-type=\"container\">\n\t\t<div class=\"elementor-element elementor-element-ceb9854 e-con-full e-flex e-con e-child\" data-id=\"ceb9854\" data-element_type=\"container\" data-e-type=\"container\">\n\t\t\t\t<div class=\"elementor-element elementor-element-347905f elementor-widget elementor-widget-heading\" data-id=\"347905f\" data-element_type=\"widget\" data-e-type=\"widget\" data-widget_type=\"heading.default\">\n\t\t\t\t<div class=\"elementor-widget-container\">\n\t\t\t\t\t<h2 class=\"elementor-heading-title elementor-size-default\">Technologie, die wirkt \u2013 L\u00f6sungen, die passen<\/h2>\t\t\t\t<\/div>\n\t\t\t\t<\/div>\n\t\t\t\t<div class=\"elementor-element elementor-element-72d4a11 elementor-widget elementor-widget-heading\" data-id=\"72d4a11\" data-element_type=\"widget\" data-e-type=\"widget\" data-widget_type=\"heading.default\">\n\t\t\t\t<div class=\"elementor-widget-container\">\n\t\t\t\t\t<h3 class=\"elementor-heading-title elementor-size-default\">Warum sich der Einsatz von KI und ML in der Planung lohnt <\/h3>\t\t\t\t<\/div>\n\t\t\t\t<\/div>\n\t\t\t\t<div class=\"elementor-element elementor-element-baa36ff elementor-widget elementor-widget-text-editor\" data-id=\"baa36ff\" data-element_type=\"widget\" data-e-type=\"widget\" data-widget_type=\"text-editor.default\">\n\t\t\t\t<div class=\"elementor-widget-container\">\n\t\t\t\t\t\t\t\t\t<p>Unternehmen, die K\u00fcnstliche Intelligenz und maschinelles Lernen in ihre Planungsprozesse integrieren, profitieren von einer deutlich h\u00f6heren Prognosegenauigkeit, schnelleren Entscheidungszyklen und einer effizienteren Ressourcennutzung. Gleichzeitig gewinnen sie mehr Transparenz in komplexen Zusammenh\u00e4ngen und st\u00e4rken ihre Wettbewerbsf\u00e4higkeit nachhaltig.<\/p><p>OPTANO setzt genau hier an: Unsere L\u00f6sungen nutzen fortschrittliche KI- und ML-Technologien, die speziell f\u00fcr die Anforderungen in der Unternehmensplanung entwickelt wurden. Ob Produktionsoptimierung, Netzwerkplanung oder Szenarioanalyse \u2013 OPTANO liefert intelligente Entscheidungsunterst\u00fctzung, die sich nahtlos in bestehende Prozesse integriert und echten Mehrwert schafft.<\/p>\t\t\t\t\t\t\t\t<\/div>\n\t\t\t\t<\/div>\n\t\t\t\t<\/div>\n\t\t<div class=\"elementor-element elementor-element-a9540cc e-con-full elementor-hidden-tablet elementor-hidden-mobile e-flex e-con e-child\" data-id=\"a9540cc\" data-element_type=\"container\" data-e-type=\"container\">\n\t\t\t\t<div class=\"elementor-element elementor-element-ef741ff elementor-widget elementor-widget-image\" data-id=\"ef741ff\" data-element_type=\"widget\" data-e-type=\"widget\" data-widget_type=\"image.default\">\n\t\t\t\t<div class=\"elementor-widget-container\">\n\t\t\t\t\t\t\t\t\t\t\t\t\t\t\t<img loading=\"lazy\" decoding=\"async\" width=\"300\" height=\"300\" src=\"https:\/\/optano.com\/wp-content\/uploads\/2025\/09\/Vorteile-Ki-Machinelles-Lernen-OPTANO-1.png\" class=\"attachment-large size-large wp-image-9060\" alt=\"\" srcset=\"https:\/\/optano.com\/wp-content\/uploads\/2025\/09\/Vorteile-Ki-Machinelles-Lernen-OPTANO-1.png 300w, https:\/\/optano.com\/wp-content\/uploads\/2025\/09\/Vorteile-Ki-Machinelles-Lernen-OPTANO-1-150x150.png 150w\" sizes=\"(max-width: 300px) 100vw, 300px\" \/>\t\t\t\t\t\t\t\t\t\t\t\t\t\t\t<\/div>\n\t\t\t\t<\/div>\n\t\t\t\t<\/div>\n\t\t\t\t<\/div>\n\t\t\t\t<\/div>\n\t\t","protected":false},"excerpt":{"rendered":"<p>Nutzen Sie K\u00fcnstliche Intelligenz und maschinelles Lernen mit OPTANO \u2013 f\u00fcr  automatisierte Entscheidungen und optimierte Prozesse<\/p>\n","protected":false},"author":3,"featured_media":9422,"parent":349,"menu_order":0,"comment_status":"closed","ping_status":"closed","template":"","meta":{"_acf_changed":false,"footnotes":""},"class_list":["post-453","page","type-page","status-publish","has-post-thumbnail","hentry"],"acf":[],"_links":{"self":[{"href":"https:\/\/optano.com\/de\/wp-json\/wp\/v2\/pages\/453","targetHints":{"allow":["GET"]}}],"collection":[{"href":"https:\/\/optano.com\/de\/wp-json\/wp\/v2\/pages"}],"about":[{"href":"https:\/\/optano.com\/de\/wp-json\/wp\/v2\/types\/page"}],"author":[{"embeddable":true,"href":"https:\/\/optano.com\/de\/wp-json\/wp\/v2\/users\/3"}],"replies":[{"embeddable":true,"href":"https:\/\/optano.com\/de\/wp-json\/wp\/v2\/comments?post=453"}],"version-history":[{"count":11,"href":"https:\/\/optano.com\/de\/wp-json\/wp\/v2\/pages\/453\/revisions"}],"predecessor-version":[{"id":10040,"href":"https:\/\/optano.com\/de\/wp-json\/wp\/v2\/pages\/453\/revisions\/10040"}],"up":[{"embeddable":true,"href":"https:\/\/optano.com\/de\/wp-json\/wp\/v2\/pages\/349"}],"wp:featuredmedia":[{"embeddable":true,"href":"https:\/\/optano.com\/de\/wp-json\/wp\/v2\/media\/9422"}],"wp:attachment":[{"href":"https:\/\/optano.com\/de\/wp-json\/wp\/v2\/media?parent=453"}],"curies":[{"name":"wp","href":"https:\/\/api.w.org\/{rel}","templated":true}]}}